{"id":1532,"date":"2026-02-16T14:52:59","date_gmt":"2026-02-16T13:52:59","guid":{"rendered":"https:\/\/www.osb.group\/?page_id=1532"},"modified":"2026-02-16T15:42:33","modified_gmt":"2026-02-16T14:42:33","slug":"security-operations-threat-protection","status":"publish","type":"page","link":"https:\/\/www.osb.group\/de\/security-operations-threat-protection\/","title":{"rendered":"Security Operations &amp; Bedrohungsabwehr"},"content":{"rendered":"<p>[et_pb_section fb_built=&#8221;1&#8243; module_id=&#8221;security-operations&#8221; _builder_version=&#8221;4.27.4&#8243; _module_preset=&#8221;default&#8221; da_popup_slug=&#8221;security-operations&#8221; da_disable_devices=&#8221;off|off|off&#8221; global_colors_info=&#8221;{}&#8221; da_is_popup=&#8221;off&#8221; da_exit_intent=&#8221;off&#8221; da_has_close=&#8221;on&#8221; da_alt_close=&#8221;off&#8221; da_dark_close=&#8221;off&#8221; da_not_modal=&#8221;on&#8221; da_is_singular=&#8221;off&#8221; da_with_loader=&#8221;off&#8221; da_has_shadow=&#8221;on&#8221;][et_pb_row _builder_version=&#8221;4.27.4&#8243; _module_preset=&#8221;default&#8221; global_colors_info=&#8221;{}&#8221;][et_pb_column type=&#8221;4_4&#8243; _builder_version=&#8221;4.27.4&#8243; _module_preset=&#8221;default&#8221; global_colors_info=&#8221;{}&#8221;][et_pb_menu menu_id=&#8221;21&#8243; _builder_version=&#8221;4.27.4&#8243; _module_preset=&#8221;default&#8221; global_colors_info=&#8221;{}&#8221;][\/et_pb_menu][et_pb_divider _builder_version=&#8221;4.27.4&#8243; _module_preset=&#8221;default&#8221; global_colors_info=&#8221;{}&#8221;][\/et_pb_divider][\/et_pb_column][\/et_pb_row][et_pb_row column_structure=&#8221;1_3,2_3&#8243; _builder_version=&#8221;4.25.2&#8243; _module_preset=&#8221;default&#8221; global_colors_info=&#8221;{}&#8221;][et_pb_column type=&#8221;1_3&#8243; _builder_version=&#8221;4.25.2&#8243; _module_preset=&#8221;default&#8221; global_colors_info=&#8221;{}&#8221;][et_pb_image src=&#8221;https:\/\/www.osb.group\/wp-content\/uploads\/2025\/01\/Defensive-Security-Icon_Noir.png&#8221; title_text=&#8221;Defensive Security Icon_Noir&#8221; _builder_version=&#8221;4.27.4&#8243; _module_preset=&#8221;default&#8221; width=&#8221;50%&#8221; width_tablet=&#8221;25%&#8221; width_phone=&#8221;25%&#8221; width_last_edited=&#8221;on|tablet&#8221; max_width=&#8221;50%&#8221; global_colors_info=&#8221;{}&#8221;][\/et_pb_image][et_pb_text _builder_version=&#8221;4.27.4&#8243; _module_preset=&#8221;default&#8221; header_font=&#8221;Inter|700|||||||&#8221; header_text_color=&#8221;#005596&#8243; header_font_size=&#8221;3em&#8221; header_line_height=&#8221;1.2em&#8221; header_font_size_tablet=&#8221;3em&#8221; header_font_size_phone=&#8221;2em&#8221; header_font_size_last_edited=&#8221;on|phone&#8221; global_colors_info=&#8221;{}&#8221;]<\/p>\n<h1>Security Operations &amp; Bedrohungsabwehr<\/h1>\n<p>[\/et_pb_text][\/et_pb_column][et_pb_column type=&#8221;2_3&#8243; _builder_version=&#8221;4.25.2&#8243; _module_preset=&#8221;default&#8221; global_colors_info=&#8221;{}&#8221;][et_pb_text _builder_version=&#8221;4.27.4&#8243; _module_preset=&#8221;default&#8221; text_font=&#8221;Inter||||||||&#8221; text_font_size=&#8221;1.2em&#8221; text_line_height=&#8221;1.4em&#8221; header_2_font=&#8221;Inter||||||||&#8221; header_2_text_color=&#8221;#000000&#8243; header_2_font_size=&#8221;2em&#8221; header_2_line_height=&#8221;1.2em&#8221; header_4_font=&#8221;IBM Plex Mono||||||||&#8221; header_4_text_color=&#8221;#005596&#8243; header_2_font_size_tablet=&#8221;2em&#8221; header_2_font_size_phone=&#8221;1.5em&#8221; header_2_font_size_last_edited=&#8221;on|desktop&#8221; global_colors_info=&#8221;{}&#8221;]<\/p>\n<h2>\u00dcberwachen, erkennen und reagieren Sie auf Bedrohungen, um Ihre Systeme und Abl\u00e4ufe vor wachsenden Risiken zu sch\u00fctzen.<\/h2>\n<ul>\n<li>Minimieren Sie Bedrohungen durch Echtzeit\u00fcberwachung, Anomalieerkennung und kontinuierliche Risikobewertungen f\u00fcr proaktive Sicherheitsma\u00dfnahmen.<\/li>\n<li>Zentralisieren Sie Log-Korrelationen und aggregieren Sie Daten von Endpunkten, Netzwerken und Benutzern f\u00fcr eine ganzheitliche Bedrohungserkennung.<\/li>\n<li>Beschleunigen Sie Incident Response mit automatisierten Playbooks, KI-gest\u00fctzten Analysen und schneller Wiederherstellung zur Minimierung von Ausfallzeiten.<\/li>\n<li>Erkennen Sie laterale Bewegungen und analysieren Sie Nutzerverhalten mit User Behavior Analytics (UBA), w\u00e4hrend Sie gleichzeitig die forensische Datenerfassung automatisieren.<\/li>\n<li>Optimieren Sie Incident-Workflows durch KI-gest\u00fctzte Prozessautomatisierung f\u00fcr eine effizientere und skalierbare Bedrohungsabwehr.<\/li>\n<\/ul>\n<p>&nbsp;<\/p>\n<h4>RELEVANTE TECHNOLOGIEN<\/h4>\n<p><img loading=\"lazy\" decoding=\"async\" class=\"wp-image-1221 alignnone\" src=\"https:\/\/www.osb.group\/wp-content\/uploads\/2025\/01\/Checkpoint_popup.png\" alt=\"\" width=\"140\" height=\"70\" \/><img loading=\"lazy\" decoding=\"async\" class=\"wp-image-1262 alignnone\" src=\"https:\/\/www.osb.group\/wp-content\/uploads\/2025\/01\/Cribl_popup-1.png\" alt=\"\" width=\"140\" height=\"70\" \/><img loading=\"lazy\" decoding=\"async\" class=\"wp-image-1222 alignnone\" src=\"https:\/\/www.osb.group\/wp-content\/uploads\/2025\/01\/Crowdstrike_popup.png\" alt=\"\" width=\"140\" height=\"70\" \/><img loading=\"lazy\" decoding=\"async\" class=\"wp-image-1230 alignnone\" src=\"https:\/\/www.osb.group\/wp-content\/uploads\/2025\/01\/F5_popup.png\" alt=\"\" width=\"142\" height=\"71\" \/><img loading=\"lazy\" decoding=\"async\" class=\"wp-image-1263 alignnone\" src=\"https:\/\/www.osb.group\/wp-content\/uploads\/2025\/01\/Elastic_popup.png\" alt=\"\" width=\"140\" height=\"70\" \/><img loading=\"lazy\" decoding=\"async\" class=\"wp-image-1223 alignnone\" src=\"https:\/\/www.osb.group\/wp-content\/uploads\/2025\/01\/Microsoft_popup-1.png\" alt=\"\" width=\"140\" height=\"70\" \/><img loading=\"lazy\" decoding=\"async\" class=\"wp-image-1224 alignnone\" src=\"https:\/\/www.osb.group\/wp-content\/uploads\/2025\/01\/Paloalto_popup.png\" alt=\"\" width=\"140\" height=\"70\" \/><img loading=\"lazy\" decoding=\"async\" class=\"wp-image-1242 alignnone\" src=\"https:\/\/www.osb.group\/wp-content\/uploads\/2025\/01\/Proofpoint_popup.png\" alt=\"\" width=\"140\" height=\"70\" \/><img loading=\"lazy\" decoding=\"async\" class=\"wp-image-1400 alignnone\" src=\"https:\/\/www.osb.group\/wp-content\/uploads\/2025\/07\/Silverfort_NB.png\" alt=\"\" width=\"138\" height=\"69\" \/><img loading=\"lazy\" decoding=\"async\" class=\"wp-image-1264 alignnone\" src=\"https:\/\/www.osb.group\/wp-content\/uploads\/2025\/01\/Splunk_popup-1.png\" alt=\"\" width=\"140\" height=\"70\" \/><img loading=\"lazy\" decoding=\"async\" class=\"wp-image-1256 alignnone\" src=\"https:\/\/www.osb.group\/wp-content\/uploads\/2025\/01\/Tufin_popup.png\" alt=\"\" width=\"140\" height=\"70\" \/><\/p>\n<p>[\/et_pb_text][\/et_pb_column][\/et_pb_row][\/et_pb_section]<\/p>","protected":false},"excerpt":{"rendered":"<p>Strengthen your cybersecurity posture with security operations and threat protection solutions. Through proactive threat detection, 24\/7 monitoring by a Security Operations Center (SOC), and fast incident response, protect your organisation\u2019s information systems from modern cyber threats.<\/p>","protected":false},"author":2,"featured_media":1261,"parent":0,"menu_order":0,"comment_status":"closed","ping_status":"closed","template":"","meta":{"_et_pb_use_builder":"on","_et_pb_old_content":"<p>\u00a0<\/p>\r\n<!-- wp:divi\/placeholder \/-->","_et_gb_content_width":"","footnotes":""},"class_list":["post-1532","page","type-page","status-publish","has-post-thumbnail","hentry"],"yoast_head":"<!-- This site is optimized with the Yoast SEO Premium plugin v26.8 (Yoast SEO v26.8) - https:\/\/yoast.com\/product\/yoast-seo-premium-wordpress\/ -->\n<title>Security Operations &amp; Threat Protection | SOC &amp; Cyber Defence<\/title>\n<meta name=\"description\" content=\"Detect, respond to and protect against cyber threats with advanced security operations and threat protection solutions. Leverage Security Operations Center (SOC), monitoring and proactive incident response to safeguard your IT environment.\" \/>\n<meta name=\"robots\" content=\"index, follow, max-snippet:-1, max-image-preview:large, max-video-preview:-1\" \/>\n<link rel=\"canonical\" href=\"https:\/\/www.osb.group\/de\/\" \/>\n<meta property=\"og:locale\" content=\"de_DE\" \/>\n<meta property=\"og:type\" content=\"article\" \/>\n<meta property=\"og:title\" content=\"Leading Cloud Solutions Provider in Suisse Romande | OSB Group\" \/>\n<meta property=\"og:description\" content=\"OSB Group delivers expert cloud solutions in Suisse Romande, specializing in secure cloud migration, hybrid cloud architecture, managed cloud services, and cloud security tailored for Swiss businesses.\" \/>\n<meta property=\"og:url\" content=\"https:\/\/www.osb.group\/de\/\" \/>\n<meta property=\"og:site_name\" content=\"One Step Beyond SA\" \/>\n<meta property=\"article:modified_time\" content=\"2026-02-16T14:42:33+00:00\" \/>\n<meta property=\"og:image\" content=\"https:\/\/www.osb.group\/wp-content\/uploads\/2025\/01\/Defensive-Security-Icon_Noir.png\" \/>\n\t<meta property=\"og:image:width\" content=\"800\" \/>\n\t<meta property=\"og:image:height\" content=\"800\" \/>\n\t<meta property=\"og:image:type\" content=\"image\/png\" \/>\n<meta name=\"twitter:card\" content=\"summary_large_image\" \/>\n<meta name=\"twitter:title\" content=\"Top Cloud Solutions in Suisse Romande | OSB Group\" \/>\n<meta name=\"twitter:description\" content=\"Partner with OSB Group for reliable cloud migration, hybrid cloud deployment, and managed cloud security services in Suisse Romande.\" \/>\n<meta name=\"twitter:label1\" content=\"Gesch\u00e4tzte Lesezeit\" \/>\n\t<meta name=\"twitter:data1\" content=\"4\u00a0Minuten\" \/>\n<script type=\"application\/ld+json\" class=\"yoast-schema-graph\">{\"@context\":\"https:\/\/schema.org\",\"@graph\":[{\"@type\":\"WebPage\",\"@id\":\"https:\/\/www.osb.group\/security-operations-threat-protection\/\",\"url\":\"https:\/\/www.osb.group\/\",\"name\":\"Security Operations & Threat Protection | SOC & Cyber Defence\",\"isPartOf\":{\"@id\":\"https:\/\/www.osb.group\/#website\"},\"primaryImageOfPage\":{\"@id\":\"https:\/\/www.osb.group\/#primaryimage\"},\"image\":{\"@id\":\"https:\/\/www.osb.group\/#primaryimage\"},\"thumbnailUrl\":\"https:\/\/www.osb.group\/wp-content\/uploads\/2025\/01\/Defensive-Security-Icon_Noir.png\",\"datePublished\":\"2026-02-16T13:52:59+00:00\",\"dateModified\":\"2026-02-16T14:42:33+00:00\",\"description\":\"Detect, respond to and protect against cyber threats with advanced security operations and threat protection solutions. Leverage Security Operations Center (SOC), monitoring and proactive incident response to safeguard your IT environment.\",\"breadcrumb\":{\"@id\":\"https:\/\/www.osb.group\/#breadcrumb\"},\"inLanguage\":\"de\",\"potentialAction\":[{\"@type\":\"ReadAction\",\"target\":[\"https:\/\/www.osb.group\/\"]}]},{\"@type\":\"ImageObject\",\"inLanguage\":\"de\",\"@id\":\"https:\/\/www.osb.group\/#primaryimage\",\"url\":\"https:\/\/www.osb.group\/wp-content\/uploads\/2025\/01\/Defensive-Security-Icon_Noir.png\",\"contentUrl\":\"https:\/\/www.osb.group\/wp-content\/uploads\/2025\/01\/Defensive-Security-Icon_Noir.png\",\"width\":800,\"height\":800,\"caption\":\"Black icon symbolizing Defensive Security services designed to protect organizations through vulnerability management, security operations, and proactive cyber defense strategies.\"},{\"@type\":\"BreadcrumbList\",\"@id\":\"https:\/\/www.osb.group\/#breadcrumb\",\"itemListElement\":[{\"@type\":\"ListItem\",\"position\":1,\"name\":\"Accueil\",\"item\":\"https:\/\/www.osb.group\/\"},{\"@type\":\"ListItem\",\"position\":2,\"name\":\"Home\"}]},{\"@type\":\"WebSite\",\"@id\":\"https:\/\/www.osb.group\/#website\",\"url\":\"https:\/\/www.osb.group\/\",\"name\":\"One Step Beyond SA\",\"description\":\"Inspired by the Cloud. Enabled ...\",\"potentialAction\":[{\"@type\":\"SearchAction\",\"target\":{\"@type\":\"EntryPoint\",\"urlTemplate\":\"https:\/\/www.osb.group\/?s={search_term_string}\"},\"query-input\":{\"@type\":\"PropertyValueSpecification\",\"valueRequired\":true,\"valueName\":\"search_term_string\"}}],\"inLanguage\":\"de\"}]}<\/script>\n<!-- \/ Yoast SEO Premium plugin. -->","yoast_head_json":{"title":"Security Operations & Threat Protection | SOC & Cyber Defence","description":"Detect, respond to and protect against cyber threats with advanced security operations and threat protection solutions. Leverage Security Operations Center (SOC), monitoring and proactive incident response to safeguard your IT environment.","robots":{"index":"index","follow":"follow","max-snippet":"max-snippet:-1","max-image-preview":"max-image-preview:large","max-video-preview":"max-video-preview:-1"},"canonical":"https:\/\/www.osb.group\/de\/","og_locale":"de_DE","og_type":"article","og_title":"Leading Cloud Solutions Provider in Suisse Romande | OSB Group","og_description":"OSB Group delivers expert cloud solutions in Suisse Romande, specializing in secure cloud migration, hybrid cloud architecture, managed cloud services, and cloud security tailored for Swiss businesses.","og_url":"https:\/\/www.osb.group\/de\/","og_site_name":"One Step Beyond SA","article_modified_time":"2026-02-16T14:42:33+00:00","og_image":[{"width":800,"height":800,"url":"https:\/\/www.osb.group\/wp-content\/uploads\/2025\/01\/Defensive-Security-Icon_Noir.png","type":"image\/png"}],"twitter_card":"summary_large_image","twitter_title":"Top Cloud Solutions in Suisse Romande | OSB Group","twitter_description":"Partner with OSB Group for reliable cloud migration, hybrid cloud deployment, and managed cloud security services in Suisse Romande.","twitter_misc":{"Gesch\u00e4tzte Lesezeit":"4\u00a0Minuten"},"schema":{"@context":"https:\/\/schema.org","@graph":[{"@type":"WebPage","@id":"https:\/\/www.osb.group\/security-operations-threat-protection\/","url":"https:\/\/www.osb.group\/","name":"Security Operations & Threat Protection | SOC & Cyber Defence","isPartOf":{"@id":"https:\/\/www.osb.group\/#website"},"primaryImageOfPage":{"@id":"https:\/\/www.osb.group\/#primaryimage"},"image":{"@id":"https:\/\/www.osb.group\/#primaryimage"},"thumbnailUrl":"https:\/\/www.osb.group\/wp-content\/uploads\/2025\/01\/Defensive-Security-Icon_Noir.png","datePublished":"2026-02-16T13:52:59+00:00","dateModified":"2026-02-16T14:42:33+00:00","description":"Detect, respond to and protect against cyber threats with advanced security operations and threat protection solutions. Leverage Security Operations Center (SOC), monitoring and proactive incident response to safeguard your IT environment.","breadcrumb":{"@id":"https:\/\/www.osb.group\/#breadcrumb"},"inLanguage":"de","potentialAction":[{"@type":"ReadAction","target":["https:\/\/www.osb.group\/"]}]},{"@type":"ImageObject","inLanguage":"de","@id":"https:\/\/www.osb.group\/#primaryimage","url":"https:\/\/www.osb.group\/wp-content\/uploads\/2025\/01\/Defensive-Security-Icon_Noir.png","contentUrl":"https:\/\/www.osb.group\/wp-content\/uploads\/2025\/01\/Defensive-Security-Icon_Noir.png","width":800,"height":800,"caption":"Black icon symbolizing Defensive Security services designed to protect organizations through vulnerability management, security operations, and proactive cyber defense strategies."},{"@type":"BreadcrumbList","@id":"https:\/\/www.osb.group\/#breadcrumb","itemListElement":[{"@type":"ListItem","position":1,"name":"Accueil","item":"https:\/\/www.osb.group\/"},{"@type":"ListItem","position":2,"name":"Home"}]},{"@type":"WebSite","@id":"https:\/\/www.osb.group\/#website","url":"https:\/\/www.osb.group\/","name":"One Step Beyond SA","description":"Inspired by the Cloud. Enabled ...","potentialAction":[{"@type":"SearchAction","target":{"@type":"EntryPoint","urlTemplate":"https:\/\/www.osb.group\/?s={search_term_string}"},"query-input":{"@type":"PropertyValueSpecification","valueRequired":true,"valueName":"search_term_string"}}],"inLanguage":"de"}]}},"_links":{"self":[{"href":"https:\/\/www.osb.group\/de\/wp-json\/wp\/v2\/pages\/1532","targetHints":{"allow":["GET"]}}],"collection":[{"href":"https:\/\/www.osb.group\/de\/wp-json\/wp\/v2\/pages"}],"about":[{"href":"https:\/\/www.osb.group\/de\/wp-json\/wp\/v2\/types\/page"}],"author":[{"embeddable":true,"href":"https:\/\/www.osb.group\/de\/wp-json\/wp\/v2\/users\/2"}],"replies":[{"embeddable":true,"href":"https:\/\/www.osb.group\/de\/wp-json\/wp\/v2\/comments?post=1532"}],"version-history":[{"count":7,"href":"https:\/\/www.osb.group\/de\/wp-json\/wp\/v2\/pages\/1532\/revisions"}],"predecessor-version":[{"id":1575,"href":"https:\/\/www.osb.group\/de\/wp-json\/wp\/v2\/pages\/1532\/revisions\/1575"}],"wp:featuredmedia":[{"embeddable":true,"href":"https:\/\/www.osb.group\/de\/wp-json\/wp\/v2\/media\/1261"}],"wp:attachment":[{"href":"https:\/\/www.osb.group\/de\/wp-json\/wp\/v2\/media?parent=1532"}],"curies":[{"name":"wp","href":"https:\/\/api.w.org\/{rel}","templated":true}]}}