{"id":1502,"date":"2026-02-16T14:35:57","date_gmt":"2026-02-16T13:35:57","guid":{"rendered":"https:\/\/www.osb.group\/?page_id=1502"},"modified":"2026-02-16T15:23:28","modified_gmt":"2026-02-16T14:23:28","slug":"application-security","status":"publish","type":"page","link":"https:\/\/www.osb.group\/fr\/application-security\/","title":{"rendered":"S\u00e9curit\u00e9 des applications"},"content":{"rendered":"<p>[et_pb_section fb_built=&#8221;1&#8243; module_id=&#8221;application&#8221; _builder_version=&#8221;4.27.4&#8243; _module_preset=&#8221;default&#8221; da_popup_slug=&#8221;application&#8221; da_disable_devices=&#8221;off|off|off&#8221; global_colors_info=&#8221;{}&#8221; da_is_popup=&#8221;off&#8221; da_exit_intent=&#8221;off&#8221; da_has_close=&#8221;on&#8221; da_alt_close=&#8221;off&#8221; da_dark_close=&#8221;off&#8221; da_not_modal=&#8221;on&#8221; da_is_singular=&#8221;off&#8221; da_with_loader=&#8221;off&#8221; da_has_shadow=&#8221;on&#8221;][et_pb_row _builder_version=&#8221;4.27.4&#8243; _module_preset=&#8221;default&#8221; global_colors_info=&#8221;{}&#8221;][et_pb_column type=&#8221;4_4&#8243; _builder_version=&#8221;4.27.4&#8243; _module_preset=&#8221;default&#8221; global_colors_info=&#8221;{}&#8221;][et_pb_menu menu_id=&#8221;21&#8243; _builder_version=&#8221;4.27.4&#8243; _module_preset=&#8221;default&#8221; global_colors_info=&#8221;{}&#8221;][\/et_pb_menu][et_pb_divider _builder_version=&#8221;4.27.4&#8243; _module_preset=&#8221;default&#8221; global_colors_info=&#8221;{}&#8221;][\/et_pb_divider][\/et_pb_column][\/et_pb_row][et_pb_row column_structure=&#8221;1_3,2_3&#8243; _builder_version=&#8221;4.25.2&#8243; _module_preset=&#8221;default&#8221; global_colors_info=&#8221;{}&#8221;][et_pb_column type=&#8221;1_3&#8243; _builder_version=&#8221;4.25.2&#8243; _module_preset=&#8221;default&#8221; global_colors_info=&#8221;{}&#8221;][et_pb_image src=&#8221;https:\/\/www.osb.group\/wp-content\/uploads\/2025\/01\/Secure-Software-Development-IconNoir.png&#8221; title_text=&#8221;Secure Software Development IconNoir&#8221; _builder_version=&#8221;4.25.2&#8243; _module_preset=&#8221;default&#8221; width=&#8221;50%&#8221; max_width=&#8221;50%&#8221; global_colors_info=&#8221;{}&#8221;][\/et_pb_image][et_pb_text _builder_version=&#8221;4.27.4&#8243; _module_preset=&#8221;default&#8221; header_font=&#8221;Inter|700|||||||&#8221; header_text_color=&#8221;#005596&#8243; header_font_size=&#8221;3em&#8221; header_line_height=&#8221;1.2em&#8221; header_font_size_tablet=&#8221;3em&#8221; header_font_size_phone=&#8221;2em&#8221; header_font_size_last_edited=&#8221;on|phone&#8221; global_colors_info=&#8221;{}&#8221;]<\/p>\n<h1>S\u00e9curit\u00e9 des applications<\/h1>\n<p>[\/et_pb_text][\/et_pb_column][et_pb_column type=&#8221;2_3&#8243; _builder_version=&#8221;4.25.2&#8243; _module_preset=&#8221;default&#8221; global_colors_info=&#8221;{}&#8221;][et_pb_text _builder_version=&#8221;4.27.4&#8243; _module_preset=&#8221;default&#8221; text_font=&#8221;Inter||||||||&#8221; text_font_size=&#8221;1.2em&#8221; text_line_height=&#8221;1.4em&#8221; header_2_font=&#8221;Inter||||||||&#8221; header_2_text_color=&#8221;#000000&#8243; header_2_font_size=&#8221;2em&#8221; header_2_line_height=&#8221;1.2em&#8221; header_4_font=&#8221;IBM Plex Mono||||||||&#8221; header_4_text_color=&#8221;#005596&#8243; header_2_font_size_tablet=&#8221;2em&#8221; header_2_font_size_phone=&#8221;1.5em&#8221; header_2_font_size_last_edited=&#8221;on|desktop&#8221; global_colors_info=&#8221;{}&#8221;]<\/p>\n<h2>V\u00e9rifiez et contr\u00f4lez continuellement l\u2019acc\u00e8s aux applications pour les prot\u00e9ger contre les acc\u00e8s non autoris\u00e9s et les menaces.<\/h2>\n<ul>\n<li>Renforcer la s\u00e9curit\u00e9 et bloquer le trafic malveillant vers les applications et charges de travail pour une protection maximale.<\/li>\n<li>Se prot\u00e9ger contre les menaces modernes comme les attaques par injection et l\u2019abus d\u2019API, en appliquant le Zero Trust \u00e0 toutes vos op\u00e9rations.<\/li>\n<li>Int\u00e9grer la s\u00e9curit\u00e9 tout au long du cycle de d\u00e9veloppement logiciel pour corriger les vuln\u00e9rabilit\u00e9s de mani\u00e8re proactive.<\/li>\n<li>Automatiser l\u2019analyse du code et les \u00e9valuations de vuln\u00e9rabilit\u00e9 dans les pipelines CI\/CD pour une livraison logicielle plus s\u00e9curis\u00e9e.<\/li>\n<li>Faire \u00e9voluer les pratiques de s\u00e9curit\u00e9 de fa\u00e7on dynamique \u00e0 mesure que vos applications et \u00e9quipes grandissent, garantissant ainsi leur r\u00e9silience dans le Cloud.<\/li>\n<\/ul>\n<p>&nbsp;<\/p>\n<h4>TECHNOLOGIES FACILITATRICES<\/h4>\n<p><img loading=\"lazy\" decoding=\"async\" class=\"wp-image-1229 alignnone\" src=\"https:\/\/www.osb.group\/wp-content\/uploads\/2025\/01\/AWS_popup.png\" alt=\"\" width=\"140\" height=\"70\" \/><img loading=\"lazy\" decoding=\"async\" class=\"wp-image-1230 alignnone\" src=\"https:\/\/www.osb.group\/wp-content\/uploads\/2025\/01\/F5_popup.png\" alt=\"\" width=\"140\" height=\"70\" \/><img loading=\"lazy\" decoding=\"async\" class=\"wp-image-1223 alignnone\" src=\"https:\/\/www.osb.group\/wp-content\/uploads\/2025\/01\/Microsoft_popup-1.png\" alt=\"\" width=\"140\" height=\"70\" \/><img loading=\"lazy\" decoding=\"async\" class=\"wp-image-1232 alignnone\" src=\"https:\/\/www.osb.group\/wp-content\/uploads\/2025\/01\/Ubika_popup.png\" alt=\"\" width=\"140\" height=\"70\" \/><\/p>\n<p>[\/et_pb_text][\/et_pb_column][\/et_pb_row][\/et_pb_section]<\/p>","protected":false},"excerpt":{"rendered":"<p>Strengthen your development process with comprehensive application security solutions. From secure coding and scanning to automation with DevSecOps and ongoing vulnerability management, protect your software and digital assets across the lifecycle.<\/p>","protected":false},"author":2,"featured_media":1228,"parent":0,"menu_order":0,"comment_status":"closed","ping_status":"closed","template":"","meta":{"_et_pb_use_builder":"on","_et_pb_old_content":"<p>\u00a0<\/p>\r\n<!-- wp:divi\/placeholder \/-->","_et_gb_content_width":"","footnotes":""},"class_list":["post-1502","page","type-page","status-publish","has-post-thumbnail","hentry"],"yoast_head":"<!-- This site is optimized with the Yoast SEO Premium plugin v26.8 (Yoast SEO v26.8) - https:\/\/yoast.com\/product\/yoast-seo-premium-wordpress\/ -->\n<title>Application Security | Secure Your Software &amp; Dev Lifecycle<\/title>\n<meta name=\"description\" content=\"Protect your software and development lifecycle with robust application security solutions. Prevent vulnerabilities, secure code, enforce best practices and increase trust in your digital products.\" \/>\n<meta name=\"robots\" content=\"index, follow, max-snippet:-1, max-image-preview:large, max-video-preview:-1\" \/>\n<link rel=\"canonical\" href=\"https:\/\/www.osb.group\/fr\/\" \/>\n<meta property=\"og:locale\" content=\"fr_FR\" \/>\n<meta property=\"og:type\" content=\"article\" \/>\n<meta property=\"og:title\" content=\"Leading Cloud Solutions Provider in Suisse Romande | OSB Group\" \/>\n<meta property=\"og:description\" content=\"OSB Group delivers expert cloud solutions in Suisse Romande, specializing in secure cloud migration, hybrid cloud architecture, managed cloud services, and cloud security tailored for Swiss businesses.\" \/>\n<meta property=\"og:url\" content=\"https:\/\/www.osb.group\/fr\/\" \/>\n<meta property=\"og:site_name\" content=\"One Step Beyond SA\" \/>\n<meta property=\"article:modified_time\" content=\"2026-02-16T14:23:28+00:00\" \/>\n<meta property=\"og:image\" content=\"https:\/\/www.osb.group\/wp-content\/uploads\/2025\/01\/Secure-Software-Development-IconNoir.png\" \/>\n\t<meta property=\"og:image:width\" content=\"1667\" \/>\n\t<meta property=\"og:image:height\" content=\"1667\" \/>\n\t<meta property=\"og:image:type\" content=\"image\/png\" \/>\n<meta name=\"twitter:card\" content=\"summary_large_image\" \/>\n<meta name=\"twitter:title\" content=\"Top Cloud Solutions in Suisse Romande | OSB Group\" \/>\n<meta name=\"twitter:description\" content=\"Partner with OSB Group for reliable cloud migration, hybrid cloud deployment, and managed cloud security services in Suisse Romande.\" \/>\n<meta name=\"twitter:label1\" content=\"Dur\u00e9e de lecture estim\u00e9e\" \/>\n\t<meta name=\"twitter:data1\" content=\"2 minutes\" \/>\n<script type=\"application\/ld+json\" class=\"yoast-schema-graph\">{\"@context\":\"https:\/\/schema.org\",\"@graph\":[{\"@type\":\"WebPage\",\"@id\":\"https:\/\/www.osb.group\/application-security\/\",\"url\":\"https:\/\/www.osb.group\/\",\"name\":\"Application Security | Secure Your Software & Dev Lifecycle\",\"isPartOf\":{\"@id\":\"https:\/\/www.osb.group\/#website\"},\"primaryImageOfPage\":{\"@id\":\"https:\/\/www.osb.group\/#primaryimage\"},\"image\":{\"@id\":\"https:\/\/www.osb.group\/#primaryimage\"},\"thumbnailUrl\":\"https:\/\/www.osb.group\/wp-content\/uploads\/2025\/01\/Secure-Software-Development-IconNoir.png\",\"datePublished\":\"2026-02-16T13:35:57+00:00\",\"dateModified\":\"2026-02-16T14:23:28+00:00\",\"description\":\"Protect your software and development lifecycle with robust application security solutions. Prevent vulnerabilities, secure code, enforce best practices and increase trust in your digital products.\",\"breadcrumb\":{\"@id\":\"https:\/\/www.osb.group\/#breadcrumb\"},\"inLanguage\":\"fr-FR\",\"potentialAction\":[{\"@type\":\"ReadAction\",\"target\":[\"https:\/\/www.osb.group\/\"]}]},{\"@type\":\"ImageObject\",\"inLanguage\":\"fr-FR\",\"@id\":\"https:\/\/www.osb.group\/#primaryimage\",\"url\":\"https:\/\/www.osb.group\/wp-content\/uploads\/2025\/01\/Secure-Software-Development-IconNoir.png\",\"contentUrl\":\"https:\/\/www.osb.group\/wp-content\/uploads\/2025\/01\/Secure-Software-Development-IconNoir.png\",\"width\":1667,\"height\":1667,\"caption\":\"Icon illustrating OSB Group\u2019s secure software development services, integrating security throughout the software development lifecycle (SDLC) with DevSecOps practices.\"},{\"@type\":\"BreadcrumbList\",\"@id\":\"https:\/\/www.osb.group\/#breadcrumb\",\"itemListElement\":[{\"@type\":\"ListItem\",\"position\":1,\"name\":\"Accueil\",\"item\":\"https:\/\/www.osb.group\/\"},{\"@type\":\"ListItem\",\"position\":2,\"name\":\"Home\"}]},{\"@type\":\"WebSite\",\"@id\":\"https:\/\/www.osb.group\/#website\",\"url\":\"https:\/\/www.osb.group\/\",\"name\":\"One Step Beyond SA\",\"description\":\"Inspired by the Cloud. Enabled ...\",\"potentialAction\":[{\"@type\":\"SearchAction\",\"target\":{\"@type\":\"EntryPoint\",\"urlTemplate\":\"https:\/\/www.osb.group\/?s={search_term_string}\"},\"query-input\":{\"@type\":\"PropertyValueSpecification\",\"valueRequired\":true,\"valueName\":\"search_term_string\"}}],\"inLanguage\":\"fr-FR\"}]}<\/script>\n<!-- \/ Yoast SEO Premium plugin. -->","yoast_head_json":{"title":"Application Security | Secure Your Software & Dev Lifecycle","description":"Protect your software and development lifecycle with robust application security solutions. Prevent vulnerabilities, secure code, enforce best practices and increase trust in your digital products.","robots":{"index":"index","follow":"follow","max-snippet":"max-snippet:-1","max-image-preview":"max-image-preview:large","max-video-preview":"max-video-preview:-1"},"canonical":"https:\/\/www.osb.group\/fr\/","og_locale":"fr_FR","og_type":"article","og_title":"Leading Cloud Solutions Provider in Suisse Romande | OSB Group","og_description":"OSB Group delivers expert cloud solutions in Suisse Romande, specializing in secure cloud migration, hybrid cloud architecture, managed cloud services, and cloud security tailored for Swiss businesses.","og_url":"https:\/\/www.osb.group\/fr\/","og_site_name":"One Step Beyond SA","article_modified_time":"2026-02-16T14:23:28+00:00","og_image":[{"width":1667,"height":1667,"url":"https:\/\/www.osb.group\/wp-content\/uploads\/2025\/01\/Secure-Software-Development-IconNoir.png","type":"image\/png"}],"twitter_card":"summary_large_image","twitter_title":"Top Cloud Solutions in Suisse Romande | OSB Group","twitter_description":"Partner with OSB Group for reliable cloud migration, hybrid cloud deployment, and managed cloud security services in Suisse Romande.","twitter_misc":{"Dur\u00e9e de lecture estim\u00e9e":"2 minutes"},"schema":{"@context":"https:\/\/schema.org","@graph":[{"@type":"WebPage","@id":"https:\/\/www.osb.group\/application-security\/","url":"https:\/\/www.osb.group\/","name":"Application Security | Secure Your Software & Dev Lifecycle","isPartOf":{"@id":"https:\/\/www.osb.group\/#website"},"primaryImageOfPage":{"@id":"https:\/\/www.osb.group\/#primaryimage"},"image":{"@id":"https:\/\/www.osb.group\/#primaryimage"},"thumbnailUrl":"https:\/\/www.osb.group\/wp-content\/uploads\/2025\/01\/Secure-Software-Development-IconNoir.png","datePublished":"2026-02-16T13:35:57+00:00","dateModified":"2026-02-16T14:23:28+00:00","description":"Protect your software and development lifecycle with robust application security solutions. Prevent vulnerabilities, secure code, enforce best practices and increase trust in your digital products.","breadcrumb":{"@id":"https:\/\/www.osb.group\/#breadcrumb"},"inLanguage":"fr-FR","potentialAction":[{"@type":"ReadAction","target":["https:\/\/www.osb.group\/"]}]},{"@type":"ImageObject","inLanguage":"fr-FR","@id":"https:\/\/www.osb.group\/#primaryimage","url":"https:\/\/www.osb.group\/wp-content\/uploads\/2025\/01\/Secure-Software-Development-IconNoir.png","contentUrl":"https:\/\/www.osb.group\/wp-content\/uploads\/2025\/01\/Secure-Software-Development-IconNoir.png","width":1667,"height":1667,"caption":"Icon illustrating OSB Group\u2019s secure software development services, integrating security throughout the software development lifecycle (SDLC) with DevSecOps practices."},{"@type":"BreadcrumbList","@id":"https:\/\/www.osb.group\/#breadcrumb","itemListElement":[{"@type":"ListItem","position":1,"name":"Accueil","item":"https:\/\/www.osb.group\/"},{"@type":"ListItem","position":2,"name":"Home"}]},{"@type":"WebSite","@id":"https:\/\/www.osb.group\/#website","url":"https:\/\/www.osb.group\/","name":"One Step Beyond SA","description":"Inspired by the Cloud. Enabled ...","potentialAction":[{"@type":"SearchAction","target":{"@type":"EntryPoint","urlTemplate":"https:\/\/www.osb.group\/?s={search_term_string}"},"query-input":{"@type":"PropertyValueSpecification","valueRequired":true,"valueName":"search_term_string"}}],"inLanguage":"fr-FR"}]}},"_links":{"self":[{"href":"https:\/\/www.osb.group\/fr\/wp-json\/wp\/v2\/pages\/1502","targetHints":{"allow":["GET"]}}],"collection":[{"href":"https:\/\/www.osb.group\/fr\/wp-json\/wp\/v2\/pages"}],"about":[{"href":"https:\/\/www.osb.group\/fr\/wp-json\/wp\/v2\/types\/page"}],"author":[{"embeddable":true,"href":"https:\/\/www.osb.group\/fr\/wp-json\/wp\/v2\/users\/2"}],"replies":[{"embeddable":true,"href":"https:\/\/www.osb.group\/fr\/wp-json\/wp\/v2\/comments?post=1502"}],"version-history":[{"count":5,"href":"https:\/\/www.osb.group\/fr\/wp-json\/wp\/v2\/pages\/1502\/revisions"}],"predecessor-version":[{"id":1563,"href":"https:\/\/www.osb.group\/fr\/wp-json\/wp\/v2\/pages\/1502\/revisions\/1563"}],"wp:featuredmedia":[{"embeddable":true,"href":"https:\/\/www.osb.group\/fr\/wp-json\/wp\/v2\/media\/1228"}],"wp:attachment":[{"href":"https:\/\/www.osb.group\/fr\/wp-json\/wp\/v2\/media?parent=1502"}],"curies":[{"name":"wp","href":"https:\/\/api.w.org\/{rel}","templated":true}]}}