{"id":1523,"date":"2026-02-16T14:48:05","date_gmt":"2026-02-16T13:48:05","guid":{"rendered":"https:\/\/www.osb.group\/?page_id=1523"},"modified":"2026-02-16T15:40:36","modified_gmt":"2026-02-16T14:40:36","slug":"infrastructure-network-security","status":"publish","type":"page","link":"https:\/\/www.osb.group\/fr\/infrastructure-network-security\/","title":{"rendered":"S\u00e9curit\u00e9 des infrastructures et des r\u00e9seaux"},"content":{"rendered":"<p>[et_pb_section fb_built=&#8221;1&#8243; module_id=&#8221;infra&#8221; _builder_version=&#8221;4.27.4&#8243; _module_preset=&#8221;default&#8221; da_popup_slug=&#8221;infra&#8221; da_disable_devices=&#8221;off|off|off&#8221; global_colors_info=&#8221;{}&#8221; da_is_popup=&#8221;off&#8221; da_exit_intent=&#8221;off&#8221; da_has_close=&#8221;on&#8221; da_alt_close=&#8221;off&#8221; da_dark_close=&#8221;off&#8221; da_not_modal=&#8221;on&#8221; da_is_singular=&#8221;off&#8221; da_with_loader=&#8221;off&#8221; da_has_shadow=&#8221;on&#8221;][et_pb_row _builder_version=&#8221;4.27.4&#8243; _module_preset=&#8221;default&#8221; global_colors_info=&#8221;{}&#8221;][et_pb_column type=&#8221;4_4&#8243; _builder_version=&#8221;4.27.4&#8243; _module_preset=&#8221;default&#8221; global_colors_info=&#8221;{}&#8221;][et_pb_menu menu_id=&#8221;21&#8243; _builder_version=&#8221;4.27.4&#8243; _module_preset=&#8221;default&#8221; global_colors_info=&#8221;{}&#8221;][\/et_pb_menu][et_pb_divider _builder_version=&#8221;4.27.4&#8243; _module_preset=&#8221;default&#8221; global_colors_info=&#8221;{}&#8221;][\/et_pb_divider][\/et_pb_column][\/et_pb_row][et_pb_row column_structure=&#8221;1_3,2_3&#8243; _builder_version=&#8221;4.25.2&#8243; _module_preset=&#8221;default&#8221; global_colors_info=&#8221;{}&#8221;][et_pb_column type=&#8221;1_3&#8243; _builder_version=&#8221;4.25.2&#8243; _module_preset=&#8221;default&#8221; global_colors_info=&#8221;{}&#8221;][et_pb_image src=&#8221;https:\/\/www.osb.group\/wp-content\/uploads\/2025\/01\/Integration-Icon_Plan-de-travail-1.png&#8221; title_text=&#8221;Integration Icon_Plan de travail 1&#8243; _builder_version=&#8221;4.27.4&#8243; _module_preset=&#8221;default&#8221; width=&#8221;50%&#8221; width_tablet=&#8221;25%&#8221; width_phone=&#8221;25%&#8221; width_last_edited=&#8221;on|phone&#8221; max_width=&#8221;50%&#8221; global_colors_info=&#8221;{}&#8221; width__hover_enabled=&#8221;on|desktop&#8221; width__hover=&#8221;50%&#8221;][\/et_pb_image][et_pb_text _builder_version=&#8221;4.27.4&#8243; _module_preset=&#8221;default&#8221; header_font=&#8221;Inter|700|||||||&#8221; header_text_color=&#8221;#005596&#8243; header_font_size=&#8221;3em&#8221; header_line_height=&#8221;1.2em&#8221; header_font_size_tablet=&#8221;3em&#8221; header_font_size_phone=&#8221;2em&#8221; header_font_size_last_edited=&#8221;on|phone&#8221; global_colors_info=&#8221;{}&#8221;]<\/p>\n<h1>S\u00e9curit\u00e9 des infrastructures et des r\u00e9seaux<\/h1>\n<p>[\/et_pb_text][\/et_pb_column][et_pb_column type=&#8221;2_3&#8243; _builder_version=&#8221;4.25.2&#8243; _module_preset=&#8221;default&#8221; global_colors_info=&#8221;{}&#8221;][et_pb_text _builder_version=&#8221;4.27.4&#8243; _module_preset=&#8221;default&#8221; text_font=&#8221;Inter||||||||&#8221; text_font_size=&#8221;1.2em&#8221; text_line_height=&#8221;1.4em&#8221; header_2_font=&#8221;Inter||||||||&#8221; header_2_text_color=&#8221;#000000&#8243; header_2_font_size=&#8221;2em&#8221; header_2_line_height=&#8221;1.2em&#8221; header_4_font=&#8221;IBM Plex Mono||||||||&#8221; header_4_text_color=&#8221;#005596&#8243; header_2_font_size_tablet=&#8221;2em&#8221; header_2_font_size_phone=&#8221;1.5em&#8221; header_2_font_size_last_edited=&#8221;on|desktop&#8221; global_colors_info=&#8221;{}&#8221;]<\/p>\n<h2>Prot\u00e9gez votre infrastructure et vos r\u00e9seaux avec des mesures de s\u00e9curit\u00e9 avanc\u00e9es pour emp\u00eacher l\u2019acc\u00e8s non autoris\u00e9 et r\u00e9duire les vuln\u00e9rabilit\u00e9s.<\/h2>\n<ul>\n<li>Renforcer la posture de s\u00e9curit\u00e9 Cloud (CSP) en corrigeant les mauvaises configurations, surveillant en continu et s\u00e9curisant les environnements hybrides et multi-cloud.<\/li>\n<li>Prot\u00e9ger l\u2019infrastructure avec des pare-feux avanc\u00e9s, des syst\u00e8mes de pr\u00e9vention des intrusions (IPS) et des pare-feux de nouvelle g\u00e9n\u00e9ration (NGFW) pour pr\u00e9venir les violations.<\/li>\n<li>Assurer la protection des donn\u00e9es avec l\u2019architecture Zero Trust (ZTA), le Secure Access Service Edge (SASE) et des contr\u00f4les d\u2019acc\u00e8s comme MFA et RBAC.<\/li>\n<li>D\u00e9tecter les menaces avec le SIEM, l\u2019analyse du trafic r\u00e9seau (NTA) et la gestion des vuln\u00e9rabilit\u00e9s pour contrer les menaces par e-mail et autres risques.<\/li>\n<li>Renforcer la r\u00e9silience avec la sauvegarde et la r\u00e9cup\u00e9ration (B&amp;R), la s\u00e9curit\u00e9 DNS et la formation des employ\u00e9s pour une gestion optimis\u00e9e de la reprise apr\u00e8s sinistre.<\/li>\n<\/ul>\n<h4>\u00a0<\/h4>\n<h4>TECHNOLOGIES FACILITATRICES<\/h4>\n<p><img loading=\"lazy\" decoding=\"async\" class=\"wp-image-1249 alignnone\" src=\"https:\/\/www.osb.group\/wp-content\/uploads\/2025\/01\/Akamai_popup.png\" alt=\"\" width=\"140\" height=\"70\" \/><img loading=\"lazy\" decoding=\"async\" class=\"wp-image-1216 alignnone\" src=\"https:\/\/www.osb.group\/wp-content\/uploads\/2025\/01\/Altipeak_Popup.png\" alt=\"\" width=\"140\" height=\"70\" \/> <img loading=\"lazy\" decoding=\"async\" class=\"wp-image-1407 alignnone\" src=\"https:\/\/www.osb.group\/wp-content\/uploads\/2025\/07\/Backbox_popup.png\" alt=\"\" width=\"140\" height=\"70\" \/> \u00a0<img loading=\"lazy\" decoding=\"async\" class=\"wp-image-1221 alignnone\" src=\"https:\/\/www.osb.group\/wp-content\/uploads\/2025\/01\/Checkpoint_popup.png\" alt=\"\" width=\"140\" height=\"70\" \/><img loading=\"lazy\" decoding=\"async\" class=\"wp-image-1222 alignnone\" src=\"https:\/\/www.osb.group\/wp-content\/uploads\/2025\/01\/Crowdstrike_popup.png\" alt=\"\" width=\"140\" height=\"70\" \/><img loading=\"lazy\" decoding=\"async\" class=\"wp-image-1250 alignnone\" src=\"https:\/\/www.osb.group\/wp-content\/uploads\/2025\/01\/Entrust_popup.png\" alt=\"\" width=\"140\" height=\"70\" \/><img loading=\"lazy\" decoding=\"async\" class=\"wp-image-1230 alignnone\" src=\"https:\/\/www.osb.group\/wp-content\/uploads\/2025\/01\/F5_popup.png\" alt=\"\" width=\"142\" height=\"71\" \/><img loading=\"lazy\" decoding=\"async\" class=\"wp-image-1240 alignnone\" src=\"https:\/\/www.osb.group\/wp-content\/uploads\/2025\/01\/Forcepoint_popup.png\" alt=\"\" width=\"140\" height=\"70\" \/><img loading=\"lazy\" decoding=\"async\" class=\"wp-image-1251 alignnone\" src=\"https:\/\/www.osb.group\/wp-content\/uploads\/2025\/01\/Fortanix_popup.png\" alt=\"\" width=\"140\" height=\"70\" \/><img loading=\"lazy\" decoding=\"async\" class=\"wp-image-1252 alignnone\" src=\"https:\/\/www.osb.group\/wp-content\/uploads\/2025\/01\/Fortra_popup.png\" alt=\"\" width=\"140\" height=\"70\" \/><img loading=\"lazy\" decoding=\"async\" class=\"wp-image-1253 alignnone\" src=\"https:\/\/www.osb.group\/wp-content\/uploads\/2025\/01\/Infoblox_popup.png\" alt=\"\" width=\"140\" height=\"70\" \/><img loading=\"lazy\" decoding=\"async\" class=\"wp-image-1241 alignnone\" src=\"https:\/\/www.osb.group\/wp-content\/uploads\/2025\/01\/Kiteworks_popup.png\" alt=\"\" width=\"140\" height=\"70\" \/><img loading=\"lazy\" decoding=\"async\" class=\"wp-image-1223 alignnone\" src=\"https:\/\/www.osb.group\/wp-content\/uploads\/2025\/01\/Microsoft_popup-1.png\" alt=\"\" width=\"140\" height=\"70\" \/><img loading=\"lazy\" decoding=\"async\" class=\"wp-image-1254 alignnone\" src=\"https:\/\/www.osb.group\/wp-content\/uploads\/2025\/01\/Netskope_popup.png\" alt=\"\" width=\"140\" height=\"70\" \/><img loading=\"lazy\" decoding=\"async\" class=\"wp-image-1224 alignnone\" src=\"https:\/\/www.osb.group\/wp-content\/uploads\/2025\/01\/Paloalto_popup.png\" alt=\"\" width=\"140\" height=\"70\" \/><img loading=\"lazy\" decoding=\"async\" class=\"wp-image-1242 alignnone\" src=\"https:\/\/www.osb.group\/wp-content\/uploads\/2025\/01\/Proofpoint_popup.png\" alt=\"\" width=\"140\" height=\"70\" \/><img loading=\"lazy\" decoding=\"async\" class=\"wp-image-1255 alignnone\" src=\"https:\/\/www.osb.group\/wp-content\/uploads\/2025\/01\/RSA_popup-1.png\" alt=\"\" width=\"140\" height=\"70\" \/><img loading=\"lazy\" decoding=\"async\" class=\"wp-image-1400 alignnone\" src=\"https:\/\/www.osb.group\/wp-content\/uploads\/2025\/07\/Silverfort_NB.png\" alt=\"\" width=\"136\" height=\"68\" \/>\u00a0 <img loading=\"lazy\" decoding=\"async\" class=\"wp-image-1408 alignnone\" src=\"https:\/\/www.osb.group\/wp-content\/uploads\/2025\/07\/Semperis_popup.png\" alt=\"\" width=\"140\" height=\"70\" \/><img loading=\"lazy\" decoding=\"async\" class=\"wp-image-1256 alignnone\" src=\"https:\/\/www.osb.group\/wp-content\/uploads\/2025\/01\/Tufin_popup.png\" alt=\"\" width=\"140\" height=\"70\" \/><img loading=\"lazy\" decoding=\"async\" class=\"wp-image-1257 alignnone\" src=\"https:\/\/www.osb.group\/wp-content\/uploads\/2025\/01\/Ubika_popup-1.png\" alt=\"\" width=\"140\" height=\"70\" \/><\/p>\n<p>[\/et_pb_text][\/et_pb_column][\/et_pb_row][\/et_pb_section]<\/p>","protected":false},"excerpt":{"rendered":"<p>Strengthen your IT environment with infrastructure and network security solutions designed to detect threats, enforce policies and protect critical systems. From firewall implementation to advanced monitoring and risk mitigation, secure your network and infrastructure with industry-leading practices.<\/p>","protected":false},"author":2,"featured_media":1248,"parent":0,"menu_order":0,"comment_status":"closed","ping_status":"closed","template":"","meta":{"_et_pb_use_builder":"on","_et_pb_old_content":"<p>\u00a0<\/p>\r\n<!-- wp:divi\/placeholder \/-->","_et_gb_content_width":"","footnotes":""},"class_list":["post-1523","page","type-page","status-publish","has-post-thumbnail","hentry"],"yoast_head":"<!-- This site is optimized with the Yoast SEO Premium plugin v26.8 (Yoast SEO v26.8) - https:\/\/yoast.com\/product\/yoast-seo-premium-wordpress\/ -->\n<title>Infrastructure &amp; Network Security | Protect Your IT Environment<\/title>\n<meta name=\"description\" content=\"Secure your infrastructure and network with comprehensive security solutions. Defend against threats, enforce policies, monitor traffic and strengthen your IT environment with robust network security.\" \/>\n<meta name=\"robots\" content=\"index, follow, max-snippet:-1, max-image-preview:large, max-video-preview:-1\" \/>\n<link rel=\"canonical\" href=\"https:\/\/www.osb.group\/fr\/\" \/>\n<meta property=\"og:locale\" content=\"fr_FR\" \/>\n<meta property=\"og:type\" content=\"article\" \/>\n<meta property=\"og:title\" content=\"Leading Cloud Solutions Provider in Suisse Romande | OSB Group\" \/>\n<meta property=\"og:description\" content=\"OSB Group delivers expert cloud solutions in Suisse Romande, specializing in secure cloud migration, hybrid cloud architecture, managed cloud services, and cloud security tailored for Swiss businesses.\" \/>\n<meta property=\"og:url\" content=\"https:\/\/www.osb.group\/fr\/\" \/>\n<meta property=\"og:site_name\" content=\"One Step Beyond SA\" \/>\n<meta property=\"article:modified_time\" content=\"2026-02-16T14:40:36+00:00\" \/>\n<meta property=\"og:image\" content=\"https:\/\/www.osb.group\/wp-content\/uploads\/2025\/01\/Integration-Icon_Plan-de-travail-1.png\" \/>\n\t<meta property=\"og:image:width\" content=\"800\" \/>\n\t<meta property=\"og:image:height\" content=\"800\" \/>\n\t<meta property=\"og:image:type\" content=\"image\/png\" \/>\n<meta name=\"twitter:card\" content=\"summary_large_image\" \/>\n<meta name=\"twitter:title\" content=\"Top Cloud Solutions in Suisse Romande | OSB Group\" \/>\n<meta name=\"twitter:description\" content=\"Partner with OSB Group for reliable cloud migration, hybrid cloud deployment, and managed cloud security services in Suisse Romande.\" \/>\n<meta name=\"twitter:label1\" content=\"Dur\u00e9e de lecture estim\u00e9e\" \/>\n\t<meta name=\"twitter:data1\" content=\"6 minutes\" \/>\n<script type=\"application\/ld+json\" class=\"yoast-schema-graph\">{\"@context\":\"https:\/\/schema.org\",\"@graph\":[{\"@type\":\"WebPage\",\"@id\":\"https:\/\/www.osb.group\/infrastructure-network-security\/\",\"url\":\"https:\/\/www.osb.group\/\",\"name\":\"Infrastructure & Network Security | Protect Your IT Environment\",\"isPartOf\":{\"@id\":\"https:\/\/www.osb.group\/#website\"},\"primaryImageOfPage\":{\"@id\":\"https:\/\/www.osb.group\/#primaryimage\"},\"image\":{\"@id\":\"https:\/\/www.osb.group\/#primaryimage\"},\"thumbnailUrl\":\"https:\/\/www.osb.group\/wp-content\/uploads\/2025\/01\/Integration-Icon_Plan-de-travail-1.png\",\"datePublished\":\"2026-02-16T13:48:05+00:00\",\"dateModified\":\"2026-02-16T14:40:36+00:00\",\"description\":\"Secure your infrastructure and network with comprehensive security solutions. Defend against threats, enforce policies, monitor traffic and strengthen your IT environment with robust network security.\",\"breadcrumb\":{\"@id\":\"https:\/\/www.osb.group\/#breadcrumb\"},\"inLanguage\":\"fr-FR\",\"potentialAction\":[{\"@type\":\"ReadAction\",\"target\":[\"https:\/\/www.osb.group\/\"]}]},{\"@type\":\"ImageObject\",\"inLanguage\":\"fr-FR\",\"@id\":\"https:\/\/www.osb.group\/#primaryimage\",\"url\":\"https:\/\/www.osb.group\/wp-content\/uploads\/2025\/01\/Integration-Icon_Plan-de-travail-1.png\",\"contentUrl\":\"https:\/\/www.osb.group\/wp-content\/uploads\/2025\/01\/Integration-Icon_Plan-de-travail-1.png\",\"width\":800,\"height\":800,\"caption\":\"Icon representing OSB Group\u2019s integration services, helping organizations seamlessly deploy and connect cybersecurity solutions across complex IT environments for maximum protection and performance.\"},{\"@type\":\"BreadcrumbList\",\"@id\":\"https:\/\/www.osb.group\/#breadcrumb\",\"itemListElement\":[{\"@type\":\"ListItem\",\"position\":1,\"name\":\"Accueil\",\"item\":\"https:\/\/www.osb.group\/\"},{\"@type\":\"ListItem\",\"position\":2,\"name\":\"Home\"}]},{\"@type\":\"WebSite\",\"@id\":\"https:\/\/www.osb.group\/#website\",\"url\":\"https:\/\/www.osb.group\/\",\"name\":\"One Step Beyond SA\",\"description\":\"Inspired by the Cloud. Enabled ...\",\"potentialAction\":[{\"@type\":\"SearchAction\",\"target\":{\"@type\":\"EntryPoint\",\"urlTemplate\":\"https:\/\/www.osb.group\/?s={search_term_string}\"},\"query-input\":{\"@type\":\"PropertyValueSpecification\",\"valueRequired\":true,\"valueName\":\"search_term_string\"}}],\"inLanguage\":\"fr-FR\"}]}<\/script>\n<!-- \/ Yoast SEO Premium plugin. -->","yoast_head_json":{"title":"Infrastructure & Network Security | Protect Your IT Environment","description":"Secure your infrastructure and network with comprehensive security solutions. Defend against threats, enforce policies, monitor traffic and strengthen your IT environment with robust network security.","robots":{"index":"index","follow":"follow","max-snippet":"max-snippet:-1","max-image-preview":"max-image-preview:large","max-video-preview":"max-video-preview:-1"},"canonical":"https:\/\/www.osb.group\/fr\/","og_locale":"fr_FR","og_type":"article","og_title":"Leading Cloud Solutions Provider in Suisse Romande | OSB Group","og_description":"OSB Group delivers expert cloud solutions in Suisse Romande, specializing in secure cloud migration, hybrid cloud architecture, managed cloud services, and cloud security tailored for Swiss businesses.","og_url":"https:\/\/www.osb.group\/fr\/","og_site_name":"One Step Beyond SA","article_modified_time":"2026-02-16T14:40:36+00:00","og_image":[{"width":800,"height":800,"url":"https:\/\/www.osb.group\/wp-content\/uploads\/2025\/01\/Integration-Icon_Plan-de-travail-1.png","type":"image\/png"}],"twitter_card":"summary_large_image","twitter_title":"Top Cloud Solutions in Suisse Romande | OSB Group","twitter_description":"Partner with OSB Group for reliable cloud migration, hybrid cloud deployment, and managed cloud security services in Suisse Romande.","twitter_misc":{"Dur\u00e9e de lecture estim\u00e9e":"6 minutes"},"schema":{"@context":"https:\/\/schema.org","@graph":[{"@type":"WebPage","@id":"https:\/\/www.osb.group\/infrastructure-network-security\/","url":"https:\/\/www.osb.group\/","name":"Infrastructure & Network Security | Protect Your IT Environment","isPartOf":{"@id":"https:\/\/www.osb.group\/#website"},"primaryImageOfPage":{"@id":"https:\/\/www.osb.group\/#primaryimage"},"image":{"@id":"https:\/\/www.osb.group\/#primaryimage"},"thumbnailUrl":"https:\/\/www.osb.group\/wp-content\/uploads\/2025\/01\/Integration-Icon_Plan-de-travail-1.png","datePublished":"2026-02-16T13:48:05+00:00","dateModified":"2026-02-16T14:40:36+00:00","description":"Secure your infrastructure and network with comprehensive security solutions. Defend against threats, enforce policies, monitor traffic and strengthen your IT environment with robust network security.","breadcrumb":{"@id":"https:\/\/www.osb.group\/#breadcrumb"},"inLanguage":"fr-FR","potentialAction":[{"@type":"ReadAction","target":["https:\/\/www.osb.group\/"]}]},{"@type":"ImageObject","inLanguage":"fr-FR","@id":"https:\/\/www.osb.group\/#primaryimage","url":"https:\/\/www.osb.group\/wp-content\/uploads\/2025\/01\/Integration-Icon_Plan-de-travail-1.png","contentUrl":"https:\/\/www.osb.group\/wp-content\/uploads\/2025\/01\/Integration-Icon_Plan-de-travail-1.png","width":800,"height":800,"caption":"Icon representing OSB Group\u2019s integration services, helping organizations seamlessly deploy and connect cybersecurity solutions across complex IT environments for maximum protection and performance."},{"@type":"BreadcrumbList","@id":"https:\/\/www.osb.group\/#breadcrumb","itemListElement":[{"@type":"ListItem","position":1,"name":"Accueil","item":"https:\/\/www.osb.group\/"},{"@type":"ListItem","position":2,"name":"Home"}]},{"@type":"WebSite","@id":"https:\/\/www.osb.group\/#website","url":"https:\/\/www.osb.group\/","name":"One Step Beyond SA","description":"Inspired by the Cloud. Enabled ...","potentialAction":[{"@type":"SearchAction","target":{"@type":"EntryPoint","urlTemplate":"https:\/\/www.osb.group\/?s={search_term_string}"},"query-input":{"@type":"PropertyValueSpecification","valueRequired":true,"valueName":"search_term_string"}}],"inLanguage":"fr-FR"}]}},"_links":{"self":[{"href":"https:\/\/www.osb.group\/fr\/wp-json\/wp\/v2\/pages\/1523","targetHints":{"allow":["GET"]}}],"collection":[{"href":"https:\/\/www.osb.group\/fr\/wp-json\/wp\/v2\/pages"}],"about":[{"href":"https:\/\/www.osb.group\/fr\/wp-json\/wp\/v2\/types\/page"}],"author":[{"embeddable":true,"href":"https:\/\/www.osb.group\/fr\/wp-json\/wp\/v2\/users\/2"}],"replies":[{"embeddable":true,"href":"https:\/\/www.osb.group\/fr\/wp-json\/wp\/v2\/comments?post=1523"}],"version-history":[{"count":6,"href":"https:\/\/www.osb.group\/fr\/wp-json\/wp\/v2\/pages\/1523\/revisions"}],"predecessor-version":[{"id":1572,"href":"https:\/\/www.osb.group\/fr\/wp-json\/wp\/v2\/pages\/1523\/revisions\/1572"}],"wp:featuredmedia":[{"embeddable":true,"href":"https:\/\/www.osb.group\/fr\/wp-json\/wp\/v2\/media\/1248"}],"wp:attachment":[{"href":"https:\/\/www.osb.group\/fr\/wp-json\/wp\/v2\/media?parent=1523"}],"curies":[{"name":"wp","href":"https:\/\/api.w.org\/{rel}","templated":true}]}}