{"id":1540,"date":"2026-02-16T14:59:02","date_gmt":"2026-02-16T13:59:02","guid":{"rendered":"https:\/\/www.osb.group\/?page_id=1540"},"modified":"2026-02-16T15:45:15","modified_gmt":"2026-02-16T14:45:15","slug":"managed-security-services","status":"publish","type":"page","link":"https:\/\/www.osb.group\/fr\/managed-security-services\/","title":{"rendered":"Services de s\u00e9curit\u00e9 g\u00e9r\u00e9s"},"content":{"rendered":"<p>[et_pb_section fb_built=&#8221;1&#8243; module_id=&#8221;managed-security-services&#8221; _builder_version=&#8221;4.27.4&#8243; _module_preset=&#8221;default&#8221; hover_enabled=&#8221;0&#8243; da_is_popup=&#8221;off&#8221; da_popup_slug=&#8221;managed-security-services&#8221; da_disable_devices=&#8221;off|off|off&#8221; global_colors_info=&#8221;{}&#8221; sticky_enabled=&#8221;0&#8243; da_exit_intent=&#8221;off&#8221; da_has_close=&#8221;on&#8221; da_alt_close=&#8221;off&#8221; da_dark_close=&#8221;off&#8221; da_not_modal=&#8221;on&#8221; da_is_singular=&#8221;off&#8221; da_with_loader=&#8221;off&#8221; da_has_shadow=&#8221;on&#8221;][et_pb_row _builder_version=&#8221;4.27.4&#8243; _module_preset=&#8221;default&#8221; global_colors_info=&#8221;{}&#8221;][et_pb_column type=&#8221;4_4&#8243; _builder_version=&#8221;4.27.4&#8243; _module_preset=&#8221;default&#8221; global_colors_info=&#8221;{}&#8221;][et_pb_menu menu_id=&#8221;21&#8243; _builder_version=&#8221;4.27.4&#8243; _module_preset=&#8221;default&#8221; global_colors_info=&#8221;{}&#8221;][\/et_pb_menu][et_pb_divider _builder_version=&#8221;4.27.4&#8243; _module_preset=&#8221;default&#8221; global_colors_info=&#8221;{}&#8221;][\/et_pb_divider][\/et_pb_column][\/et_pb_row][et_pb_row column_structure=&#8221;1_3,2_3&#8243; _builder_version=&#8221;4.25.2&#8243; _module_preset=&#8221;default&#8221; global_colors_info=&#8221;{}&#8221;][et_pb_column type=&#8221;1_3&#8243; _builder_version=&#8221;4.25.2&#8243; _module_preset=&#8221;default&#8221; global_colors_info=&#8221;{}&#8221;][et_pb_image src=&#8221;https:\/\/www.osb.group\/wp-content\/uploads\/2025\/01\/Managed_Security_Services_Black.png&#8221; title_text=&#8221;Managed_Security_Services_Black&#8221; _builder_version=&#8221;4.27.4&#8243; _module_preset=&#8221;default&#8221; width_tablet=&#8221;25%&#8221; width_phone=&#8221;25%&#8221; width_last_edited=&#8221;on|desktop&#8221; max_width=&#8221;50%&#8221; global_colors_info=&#8221;{}&#8221;][\/et_pb_image][et_pb_text _builder_version=&#8221;4.27.4&#8243; _module_preset=&#8221;default&#8221; header_font=&#8221;Inter|700|||||||&#8221; header_text_color=&#8221;#005596&#8243; header_font_size=&#8221;3em&#8221; header_line_height=&#8221;1.2em&#8221; header_font_size_tablet=&#8221;3em&#8221; header_font_size_phone=&#8221;2em&#8221; header_font_size_last_edited=&#8221;on|phone&#8221; global_colors_info=&#8221;{}&#8221;]<\/p>\n<h1>Services de s\u00e9curit\u00e9 g\u00e9r\u00e9s<\/h1>\n<p>[\/et_pb_text][\/et_pb_column][et_pb_column type=&#8221;2_3&#8243; _builder_version=&#8221;4.25.2&#8243; _module_preset=&#8221;default&#8221; global_colors_info=&#8221;{}&#8221;][et_pb_text _builder_version=&#8221;4.27.4&#8243; _module_preset=&#8221;default&#8221; text_font=&#8221;Inter||||||||&#8221; text_font_size=&#8221;1.2em&#8221; text_line_height=&#8221;1.4em&#8221; header_2_font=&#8221;Inter||||||||&#8221; header_2_text_color=&#8221;#000000&#8243; header_2_font_size=&#8221;2em&#8221; header_2_line_height=&#8221;1.2em&#8221; header_4_font=&#8221;IBM Plex Mono||||||||&#8221; header_4_text_color=&#8221;#005596&#8243; header_2_font_size_tablet=&#8221;2em&#8221; header_2_font_size_phone=&#8221;1.5em&#8221; header_2_font_size_last_edited=&#8221;on|desktop&#8221; global_colors_info=&#8221;{}&#8221;]<\/p>\n<h2>Offrez \u00e0 votre entreprise des services de s\u00e9curit\u00e9 g\u00e9r\u00e9s complets pour une protection continue.<\/h2>\n<ul>\n<li>Am\u00e9liorer SecOps avec la r\u00e9ponse aux incidents, l\u2019EDR, les honeypots et la num\u00e9risation des vuln\u00e9rabilit\u00e9s pour une d\u00e9tection robuste des menaces.<\/li>\n<li>Simplifier la gestion des comptes privil\u00e9gi\u00e9s, des API et des pare-feux gr\u00e2ce \u00e0 WAF, la mitigation DDoS, la d\u00e9fense contre les bots et les audits de conformit\u00e9.<\/li>\n<li>Surveiller proactivement l\u2019infrastructure avec des revues d'IP, NTA, la configuration VPN\/VLAN et des v\u00e9rifications r\u00e9guli\u00e8res de l\u2019\u00e9tat de sant\u00e9.<\/li>\n<li>R\u00e9duire les co\u00fbts op\u00e9rationnels avec des d\u00e9penses pr\u00e9visibles et une gestion simplifi\u00e9e de la s\u00e9curit\u00e9, tout en garantissant la continuit\u00e9 des services.<\/li>\n<li>G\u00e9rer et configurer les dispositifs en fonction des normes de s\u00e9curit\u00e9 adapt\u00e9es \u00e0 vos besoins sp\u00e9cifiques tout en maintenant un haut niveau de protection.<\/li>\n<\/ul>\n<h4>\u00a0<\/h4>\n<h4>TECHNOLOGIES FACILITATRICES<\/h4>\n<p><img loading=\"lazy\" decoding=\"async\" class=\"wp-image-1221 alignnone\" src=\"https:\/\/www.osb.group\/wp-content\/uploads\/2025\/01\/Checkpoint_popup.png\" alt=\"\" width=\"140\" height=\"70\" \/><img loading=\"lazy\" decoding=\"async\" class=\"wp-image-1222 alignnone\" src=\"https:\/\/www.osb.group\/wp-content\/uploads\/2025\/01\/Crowdstrike_popup.png\" alt=\"\" width=\"140\" height=\"70\" \/><img loading=\"lazy\" decoding=\"async\" class=\"wp-image-1344 alignnone\" src=\"https:\/\/www.osb.group\/wp-content\/uploads\/2025\/02\/CyberArk_V2_popup.png\" alt=\"\" width=\"140\" height=\"70\" \/><img loading=\"lazy\" decoding=\"async\" class=\"wp-image-1230 alignnone\" src=\"https:\/\/www.osb.group\/wp-content\/uploads\/2025\/01\/F5_popup.png\" alt=\"\" width=\"140\" height=\"70\" \/><img loading=\"lazy\" decoding=\"async\" class=\"wp-image-1223 alignnone\" src=\"https:\/\/www.osb.group\/wp-content\/uploads\/2025\/01\/Microsoft_popup-1.png\" alt=\"\" width=\"140\" height=\"70\" \/><img loading=\"lazy\" decoding=\"async\" class=\"wp-image-1224 alignnone\" src=\"https:\/\/www.osb.group\/wp-content\/uploads\/2025\/01\/Paloalto_popup.png\" alt=\"\" width=\"140\" height=\"70\" \/><img loading=\"lazy\" decoding=\"async\" class=\"wp-image-1264 alignnone\" src=\"https:\/\/www.osb.group\/wp-content\/uploads\/2025\/01\/Splunk_popup-1.png\" alt=\"\" width=\"140\" height=\"70\" \/><img loading=\"lazy\" decoding=\"async\" class=\"wp-image-1256 alignnone\" src=\"https:\/\/www.osb.group\/wp-content\/uploads\/2025\/01\/Tufin_popup.png\" alt=\"\" width=\"140\" height=\"70\" \/><img loading=\"lazy\" decoding=\"async\" class=\"wp-image-1257 alignnone\" src=\"https:\/\/www.osb.group\/wp-content\/uploads\/2025\/01\/Ubika_popup-1.png\" alt=\"\" width=\"140\" height=\"70\" \/><\/p>\n<p>[\/et_pb_text][\/et_pb_column][\/et_pb_row][\/et_pb_section]<\/p>","protected":false},"excerpt":{"rendered":"<p>Strengthen your cybersecurity with managed security services solutions. From 24\/7 monitoring, threat detection and incident response to expert support and compliance best practices, secure your IT environment and proactively defend against evolving cyber threats.<\/p>","protected":false},"author":2,"featured_media":1267,"parent":0,"menu_order":0,"comment_status":"closed","ping_status":"closed","template":"","meta":{"_et_pb_use_builder":"on","_et_pb_old_content":"<p>\u00a0<\/p>\r\n<!-- wp:divi\/placeholder \/-->","_et_gb_content_width":"","footnotes":""},"class_list":["post-1540","page","type-page","status-publish","has-post-thumbnail","hentry"],"yoast_head":"<!-- This site is optimized with the Yoast SEO Premium plugin v26.8 (Yoast SEO v26.8) - https:\/\/yoast.com\/product\/yoast-seo-premium-wordpress\/ -->\n<title>Managed Security Services | Expert Cybersecurity Support<\/title>\n<meta name=\"description\" content=\"Enhance your cybersecurity posture with managed security services solutions. From 24\/7 monitoring to proactive threat detection and incident response, protect your organisation with expert support and scalable protection\" \/>\n<meta name=\"robots\" content=\"index, follow, max-snippet:-1, max-image-preview:large, max-video-preview:-1\" \/>\n<link rel=\"canonical\" href=\"https:\/\/www.osb.group\/fr\/\" \/>\n<meta property=\"og:locale\" content=\"fr_FR\" \/>\n<meta property=\"og:type\" content=\"article\" \/>\n<meta property=\"og:title\" content=\"Leading Cloud Solutions Provider in Suisse Romande | OSB Group\" \/>\n<meta property=\"og:description\" content=\"OSB Group delivers expert cloud solutions in Suisse Romande, specializing in secure cloud migration, hybrid cloud architecture, managed cloud services, and cloud security tailored for Swiss businesses.\" \/>\n<meta property=\"og:url\" content=\"https:\/\/www.osb.group\/fr\/\" \/>\n<meta property=\"og:site_name\" content=\"One Step Beyond SA\" \/>\n<meta property=\"article:modified_time\" content=\"2026-02-16T14:45:15+00:00\" \/>\n<meta property=\"og:image\" content=\"https:\/\/www.osb.group\/wp-content\/uploads\/2025\/01\/Managed_Security_Services_Black.png\" \/>\n\t<meta property=\"og:image:width\" content=\"512\" \/>\n\t<meta property=\"og:image:height\" content=\"512\" \/>\n\t<meta property=\"og:image:type\" content=\"image\/png\" \/>\n<meta name=\"twitter:card\" content=\"summary_large_image\" \/>\n<meta name=\"twitter:title\" content=\"Top Cloud Solutions in Suisse Romande | OSB Group\" \/>\n<meta name=\"twitter:description\" content=\"Partner with OSB Group for reliable cloud migration, hybrid cloud deployment, and managed cloud security services in Suisse Romande.\" \/>\n<meta name=\"twitter:label1\" content=\"Dur\u00e9e de lecture estim\u00e9e\" \/>\n\t<meta name=\"twitter:data1\" content=\"3 minutes\" \/>\n<script type=\"application\/ld+json\" class=\"yoast-schema-graph\">{\"@context\":\"https:\/\/schema.org\",\"@graph\":[{\"@type\":\"WebPage\",\"@id\":\"https:\/\/www.osb.group\/managed-security-services\/\",\"url\":\"https:\/\/www.osb.group\/\",\"name\":\"Managed Security Services | Expert Cybersecurity Support\",\"isPartOf\":{\"@id\":\"https:\/\/www.osb.group\/#website\"},\"primaryImageOfPage\":{\"@id\":\"https:\/\/www.osb.group\/#primaryimage\"},\"image\":{\"@id\":\"https:\/\/www.osb.group\/#primaryimage\"},\"thumbnailUrl\":\"https:\/\/www.osb.group\/wp-content\/uploads\/2025\/01\/Managed_Security_Services_Black.png\",\"datePublished\":\"2026-02-16T13:59:02+00:00\",\"dateModified\":\"2026-02-16T14:45:15+00:00\",\"description\":\"Enhance your cybersecurity posture with managed security services solutions. From 24\/7 monitoring to proactive threat detection and incident response, protect your organisation with expert support and scalable protection\",\"breadcrumb\":{\"@id\":\"https:\/\/www.osb.group\/#breadcrumb\"},\"inLanguage\":\"fr-FR\",\"potentialAction\":[{\"@type\":\"ReadAction\",\"target\":[\"https:\/\/www.osb.group\/\"]}]},{\"@type\":\"ImageObject\",\"inLanguage\":\"fr-FR\",\"@id\":\"https:\/\/www.osb.group\/#primaryimage\",\"url\":\"https:\/\/www.osb.group\/wp-content\/uploads\/2025\/01\/Managed_Security_Services_Black.png\",\"contentUrl\":\"https:\/\/www.osb.group\/wp-content\/uploads\/2025\/01\/Managed_Security_Services_Black.png\",\"width\":512,\"height\":512,\"caption\":\"Visual illustrating Managed Security Services (MSS) provided by OSB Group, featuring 24\/7 threat monitoring, incident response, and proactive risk management to protect businesses from cyberattacks.\"},{\"@type\":\"BreadcrumbList\",\"@id\":\"https:\/\/www.osb.group\/#breadcrumb\",\"itemListElement\":[{\"@type\":\"ListItem\",\"position\":1,\"name\":\"Accueil\",\"item\":\"https:\/\/www.osb.group\/\"},{\"@type\":\"ListItem\",\"position\":2,\"name\":\"Home\"}]},{\"@type\":\"WebSite\",\"@id\":\"https:\/\/www.osb.group\/#website\",\"url\":\"https:\/\/www.osb.group\/\",\"name\":\"One Step Beyond SA\",\"description\":\"Inspired by the Cloud. Enabled ...\",\"potentialAction\":[{\"@type\":\"SearchAction\",\"target\":{\"@type\":\"EntryPoint\",\"urlTemplate\":\"https:\/\/www.osb.group\/?s={search_term_string}\"},\"query-input\":{\"@type\":\"PropertyValueSpecification\",\"valueRequired\":true,\"valueName\":\"search_term_string\"}}],\"inLanguage\":\"fr-FR\"}]}<\/script>\n<!-- \/ Yoast SEO Premium plugin. -->","yoast_head_json":{"title":"Managed Security Services | Expert Cybersecurity Support","description":"Enhance your cybersecurity posture with managed security services solutions. From 24\/7 monitoring to proactive threat detection and incident response, protect your organisation with expert support and scalable protection","robots":{"index":"index","follow":"follow","max-snippet":"max-snippet:-1","max-image-preview":"max-image-preview:large","max-video-preview":"max-video-preview:-1"},"canonical":"https:\/\/www.osb.group\/fr\/","og_locale":"fr_FR","og_type":"article","og_title":"Leading Cloud Solutions Provider in Suisse Romande | OSB Group","og_description":"OSB Group delivers expert cloud solutions in Suisse Romande, specializing in secure cloud migration, hybrid cloud architecture, managed cloud services, and cloud security tailored for Swiss businesses.","og_url":"https:\/\/www.osb.group\/fr\/","og_site_name":"One Step Beyond SA","article_modified_time":"2026-02-16T14:45:15+00:00","og_image":[{"width":512,"height":512,"url":"https:\/\/www.osb.group\/wp-content\/uploads\/2025\/01\/Managed_Security_Services_Black.png","type":"image\/png"}],"twitter_card":"summary_large_image","twitter_title":"Top Cloud Solutions in Suisse Romande | OSB Group","twitter_description":"Partner with OSB Group for reliable cloud migration, hybrid cloud deployment, and managed cloud security services in Suisse Romande.","twitter_misc":{"Dur\u00e9e de lecture estim\u00e9e":"3 minutes"},"schema":{"@context":"https:\/\/schema.org","@graph":[{"@type":"WebPage","@id":"https:\/\/www.osb.group\/managed-security-services\/","url":"https:\/\/www.osb.group\/","name":"Managed Security Services | Expert Cybersecurity Support","isPartOf":{"@id":"https:\/\/www.osb.group\/#website"},"primaryImageOfPage":{"@id":"https:\/\/www.osb.group\/#primaryimage"},"image":{"@id":"https:\/\/www.osb.group\/#primaryimage"},"thumbnailUrl":"https:\/\/www.osb.group\/wp-content\/uploads\/2025\/01\/Managed_Security_Services_Black.png","datePublished":"2026-02-16T13:59:02+00:00","dateModified":"2026-02-16T14:45:15+00:00","description":"Enhance your cybersecurity posture with managed security services solutions. From 24\/7 monitoring to proactive threat detection and incident response, protect your organisation with expert support and scalable protection","breadcrumb":{"@id":"https:\/\/www.osb.group\/#breadcrumb"},"inLanguage":"fr-FR","potentialAction":[{"@type":"ReadAction","target":["https:\/\/www.osb.group\/"]}]},{"@type":"ImageObject","inLanguage":"fr-FR","@id":"https:\/\/www.osb.group\/#primaryimage","url":"https:\/\/www.osb.group\/wp-content\/uploads\/2025\/01\/Managed_Security_Services_Black.png","contentUrl":"https:\/\/www.osb.group\/wp-content\/uploads\/2025\/01\/Managed_Security_Services_Black.png","width":512,"height":512,"caption":"Visual illustrating Managed Security Services (MSS) provided by OSB Group, featuring 24\/7 threat monitoring, incident response, and proactive risk management to protect businesses from cyberattacks."},{"@type":"BreadcrumbList","@id":"https:\/\/www.osb.group\/#breadcrumb","itemListElement":[{"@type":"ListItem","position":1,"name":"Accueil","item":"https:\/\/www.osb.group\/"},{"@type":"ListItem","position":2,"name":"Home"}]},{"@type":"WebSite","@id":"https:\/\/www.osb.group\/#website","url":"https:\/\/www.osb.group\/","name":"One Step Beyond SA","description":"Inspired by the Cloud. Enabled ...","potentialAction":[{"@type":"SearchAction","target":{"@type":"EntryPoint","urlTemplate":"https:\/\/www.osb.group\/?s={search_term_string}"},"query-input":{"@type":"PropertyValueSpecification","valueRequired":true,"valueName":"search_term_string"}}],"inLanguage":"fr-FR"}]}},"_links":{"self":[{"href":"https:\/\/www.osb.group\/fr\/wp-json\/wp\/v2\/pages\/1540","targetHints":{"allow":["GET"]}}],"collection":[{"href":"https:\/\/www.osb.group\/fr\/wp-json\/wp\/v2\/pages"}],"about":[{"href":"https:\/\/www.osb.group\/fr\/wp-json\/wp\/v2\/types\/page"}],"author":[{"embeddable":true,"href":"https:\/\/www.osb.group\/fr\/wp-json\/wp\/v2\/users\/2"}],"replies":[{"embeddable":true,"href":"https:\/\/www.osb.group\/fr\/wp-json\/wp\/v2\/comments?post=1540"}],"version-history":[{"count":6,"href":"https:\/\/www.osb.group\/fr\/wp-json\/wp\/v2\/pages\/1540\/revisions"}],"predecessor-version":[{"id":1578,"href":"https:\/\/www.osb.group\/fr\/wp-json\/wp\/v2\/pages\/1540\/revisions\/1578"}],"wp:featuredmedia":[{"embeddable":true,"href":"https:\/\/www.osb.group\/fr\/wp-json\/wp\/v2\/media\/1267"}],"wp:attachment":[{"href":"https:\/\/www.osb.group\/fr\/wp-json\/wp\/v2\/media?parent=1540"}],"curies":[{"name":"wp","href":"https:\/\/api.w.org\/{rel}","templated":true}]}}