{"id":27,"date":"2023-03-06T11:17:58","date_gmt":"2023-03-06T10:17:58","guid":{"rendered":"https:\/\/www.osb.group\/?page_id=27"},"modified":"2025-05-15T15:24:10","modified_gmt":"2025-05-15T13:24:10","slug":"cookies-policy","status":"publish","type":"page","link":"https:\/\/www.osb.group\/fr\/cookies-policy\/","title":{"rendered":"Politique des cookies"},"content":{"rendered":"[et_pb_section fb_built=&#8221;1&#8243; custom_padding_last_edited=&#8221;off|desktop&#8221; admin_label=&#8221;hero section&#8221; _builder_version=&#8221;4.25.2&#8243; background_image=&#8221;https:\/\/www.osb.group\/wp-content\/uploads\/2025\/01\/Fond_Blanc_OSB_web_2025-1.png&#8221; custom_margin=&#8221;|||&#8221; custom_padding=&#8221;3%||6%||false|false&#8221; custom_padding_tablet=&#8221;130px||130px|&#8221; da_disable_devices=&#8221;off|off|off&#8221; global_colors_info=&#8221;{}&#8221; da_is_popup=&#8221;off&#8221; da_exit_intent=&#8221;off&#8221; da_has_close=&#8221;on&#8221; da_alt_close=&#8221;off&#8221; da_dark_close=&#8221;off&#8221; da_not_modal=&#8221;on&#8221; da_is_singular=&#8221;off&#8221; da_with_loader=&#8221;off&#8221; da_has_shadow=&#8221;on&#8221;][et_pb_row admin_label=&#8221;title and illustration&#8221; _builder_version=&#8221;4.16&#8243; background_size=&#8221;initial&#8221; background_position=&#8221;top_left&#8221; background_repeat=&#8221;repeat&#8221; custom_margin=&#8221;|||&#8221; global_colors_info=&#8221;{}&#8221;][et_pb_column type=&#8221;4_4&#8243; _builder_version=&#8221;4.16&#8243; custom_padding=&#8221;|||&#8221; global_colors_info=&#8221;{}&#8221; custom_padding__hover=&#8221;|||&#8221;][et_pb_text _builder_version=&#8221;4.25.2&#8243; text_font=&#8221;||||||||&#8221; header_font=&#8221;Inter|600|||||||&#8221; header_text_color=&#8221;#005596&#8243; header_font_size=&#8221;3.5em&#8221; header_line_height=&#8221;1.4em&#8221; custom_margin=&#8221;||0px|&#8221; animation_style=&#8221;flip&#8221; animation_direction=&#8221;top&#8221; global_colors_info=&#8221;{}&#8221;]<h1>Politique des cookies<\/h1>[\/et_pb_text][\/et_pb_column][\/et_pb_row][\/et_pb_section][et_pb_section fb_built=&#8221;1&#8243; _builder_version=&#8221;4.16&#8243; custom_padding=&#8221;4px|||||&#8221; da_disable_devices=&#8221;off|off|off&#8221; global_colors_info=&#8221;{}&#8221; da_is_popup=&#8221;off&#8221; da_exit_intent=&#8221;off&#8221; da_has_close=&#8221;on&#8221; da_alt_close=&#8221;off&#8221; da_dark_close=&#8221;off&#8221; da_not_modal=&#8221;on&#8221; da_is_singular=&#8221;off&#8221; da_with_loader=&#8221;off&#8221; da_has_shadow=&#8221;on&#8221;][et_pb_row _builder_version=&#8221;4.16&#8243; background_size=&#8221;initial&#8221; background_position=&#8221;top_left&#8221; background_repeat=&#8221;repeat&#8221; global_colors_info=&#8221;{}&#8221;][et_pb_column type=&#8221;4_4&#8243; _builder_version=&#8221;4.16&#8243; custom_padding=&#8221;|||&#8221; global_colors_info=&#8221;{}&#8221; custom_padding__hover=&#8221;|||&#8221;][et_pb_text _builder_version=&#8221;4.21.0&#8243; header_text_color=&#8221;#005596&#8243; header_3_text_color=&#8221;#005596&#8243; background_size=&#8221;initial&#8221; background_position=&#8221;top_left&#8221; background_repeat=&#8221;repeat&#8221; global_colors_info=&#8221;{}&#8221; header_text_color__hover_enabled=&#8221;on|desktop&#8221; header_text_color__hover=&#8221;#005596&#8243;]<h3><b>QUI SOMMES-NOUS<\/b><\/h3>\n<p>One Step Beyond Group SA est une soci\u00e9t\u00e9 anonyme, dont le si\u00e8ge est \u00e0 Gland et qui est inscrite au Registre du commerce Suisse sous le num\u00e9ro CHE-302.906.947, num\u00e9ro de TVA intracommunautaire CH55011736410, T\u00e9l : +41 22 995 96 12, adresse \u00e9lectronique : info@swissexpertgroup.com. 22 727 05 55, email address: info@osb.group.<\/p>\n<p>L'URL de son site web public est http:\/\/www.osb.group  (ci-apr\u00e8s le \"site web\") qui donne des informations sur l'entreprise et la gamme de produits et services qu'elle propose.<\/p>\n<p>La soci\u00e9t\u00e9 utilise des cookies et d'autres technologies de suivi ou similaires (ci-apr\u00e8s d\u00e9nomm\u00e9s \"cookies\") sur son site web. Ceux-ci peuvent \u00eatre install\u00e9s dans le navigateur d'un utilisateur sous r\u00e9serve des choix et options s\u00e9lectionn\u00e9s par l'utilisateur et peuvent \u00eatre modifi\u00e9s \u00e0 tout moment, comme indiqu\u00e9 dans la pr\u00e9sente politique.<\/p>\n<h3><b>QU'EST-CE QU'UN COOKIE<\/b><\/h3>\n<p>Les cookies sont de petits fichiers, g\u00e9n\u00e9ralement compos\u00e9s de lettres et de chiffres. Ils sont envoy\u00e9s par un serveur web au navigateur d'un utilisateur afin qu'il puisse envoyer des donn\u00e9es d'\u00e9tat au navigateur et recevoir le m\u00eame type d'informations en retour. Ces donn\u00e9es d'\u00e9tat peuvent \u00eatre, par exemple, un identifiant de session, la langue utilis\u00e9e, une date d'expiration, un domaine de r\u00e9ponse, etc. Pendant leur dur\u00e9e de vie ou leur p\u00e9riode de validit\u00e9, les cookies peuvent stocker des donn\u00e9es d'\u00e9tat lorsqu'un navigateur navigue sur diff\u00e9rentes pages d'un site web, ou lorsque ce navigateur revisite le m\u00eame site web ult\u00e9rieurement.<\/p>\n<p>Il existe diff\u00e9rents types de cookies :<\/p>\n<ul>\n<li>Les cookies de session, qui disparaissent lorsque l'utilisateur quitte le navigateur ou le site web.<\/li>\n<li>Les cookies permanents, qui restent actifs jusqu'\u00e0 la fin de leur dur\u00e9e de vie ou de leur p\u00e9riode de validit\u00e9, ou, par exemple, lorsqu'ils sont supprim\u00e9s par l'utilisateur \u00e0 l'aide du menu de contr\u00f4le du navigateur.<\/li>\n<\/ul>\n<p>Quels types de cookies utilisons-nous et pourquoi les utilisons-nous ?<\/p>\n<div><b>Google Inc. (Google Analytics)<\/b><\/div>\n<div>Ces cookies identifient les visiteurs uniques d'un site web en attribuant un num\u00e9ro al\u00e9atoire pour identifier chaque utilisateur. Ce num\u00e9ro est mis \u00e0 jour \u00e0 chaque page parcourue et fournit des informations sur le nombre de visiteurs, de sessions, etc. Pour en savoir plus :\u00a0<a href=\"https:\/\/support.google.com\/analytics\/answer\/6004245\">https:\/\/support.google.com\/analytics\/answer\/6004245<\/a><\/div>\n<div><\/div>\n<div><\/div>\n<div>\n<h3><b><\/b><\/h3>\n<h3><b>CONSENTEMENT<\/b><\/h3>\n<p>Le consentement de l'utilisateur est parfois n\u00e9cessaire avant d'installer certains types de cookies. Par cons\u00e9quent, lorsque l'utilisateur visite le site web pour la premi\u00e8re fois, il lui sera demand\u00e9 d'accepter les cookies qui n\u00e9cessitent une autorisation avant d'\u00eatre install\u00e9s sur un ordinateur.<\/p>\n<\/div>\n<p><\/p>[\/et_pb_text][\/et_pb_column][\/et_pb_row][\/et_pb_section]","protected":false},"excerpt":{"rendered":"<p>OSB Group respects your privacy and complies with GDPR and Swiss regulations regarding cookies. Our cookies policy explains how we use cookies, obtain user consent, and manage your preferences to ensure transparent data handling.<\/p>","protected":false},"author":2,"featured_media":498,"parent":0,"menu_order":0,"comment_status":"closed","ping_status":"closed","template":"","meta":{"_et_pb_use_builder":"on","_et_pb_old_content":"<h1><b>COOKIES POLICY<\/b><\/h1>\r\n<h3><b>WHO WE ARE<\/b><\/h3>\r\n<p>One Step Beyond Group SA is a public limited company, headquartered in Gland and registered in the Trade Registry of Switzerland under CHE-302.906.947, intra-community VAT number CH302906947, Tel: +41 22 995 96 12, email address: info@osb.group<\/p>\r\n<p>Its public website URL is http:\/\/www.osb.group (hereafter the \u2018website\u2019) which gives information about the company and the range of products and services it offers.<\/p>\r\n<p>The company uses cookies and other tracking or similar technologies (hereafter called \u2018cookies\u2019) on its website. These may be installed in a user\u2019s browser subject to the choices and options selected by the user and may be changed at any time, as shown in this policy.<\/p>\r\n<h3><b>WHAT\u2019S A COOKIE<\/b><\/h3>\r\n<p>Cookies are small files, usually comprised of letters and numbers. They are posted from a web server to a user\u2019s browser so it can send status data to the browser and receive the same sort of information in return. This status data could be, for example, a session identifier, the language in use, an expiry date, a response domain, etc. During their lifetime or validity period, cookies can store status data as a browser surfs different pages of a website, or when this browser revisits the same website at a later date.<\/p>\r\n<p>There are different types of cookie:<\/p>\r\n<ul>\r\n<li>Session cookies, which disappear once the user exits the browser or the website;<\/li>\r\n<li>Permanent cookies, which stay active until the end of their lifetime or validity period, or, for example, when deleted by the user using the browser control menu.<\/li>\r\n<\/ul>\r\n<p>What sort of cookies do we use and why do we use them?<\/p>\r\n<div><b>Google Inc. (Google Analytics)<\/b><\/div>\r\n<div>These cookies identify unique visitors to a website by allocating a random number to identify each user. This number is updated with each page browsed and provides information, in particular, about the number of visitors, sessions etc.\u00a0Find out more:\u00a0https:\/\/support.google.com\/analytics\/answer\/6004245<\/div>\r\n<div>\u00a0<\/div>\r\n<div>\r\n<h3><b>CONSENTMENT<\/b><\/h3>\r\n<p>A user\u2019s consent is sometimes necessary before installing certain types of cookie. Therefore, when the user first visits the website, he will be asked to accept the cookies that require permission before being installed on a computer.<\/p>\r\n<\/div>\r\n<!-- wp:divi\/placeholder \/-->","_et_gb_content_width":"","footnotes":""},"class_list":["post-27","page","type-page","status-publish","has-post-thumbnail","hentry"],"yoast_head":"<!-- This site is optimized with the Yoast SEO Premium plugin v26.8 (Yoast SEO v26.8) - https:\/\/yoast.com\/product\/yoast-seo-premium-wordpress\/ -->\n<title>Cookies Policy and GDPR Compliance | One Step Beyond SA<\/title>\n<meta name=\"description\" content=\"Understand OSB Group\u2019s cookies policy detailing the use of cookies on our website, user consent, and compliance with GDPR and Swiss data privacy regulations.\" \/>\n<meta name=\"robots\" content=\"index, follow, max-snippet:-1, max-image-preview:large, max-video-preview:-1\" \/>\n<link rel=\"canonical\" href=\"https:\/\/www.osb.group\/fr\/cookies-policy\/\" \/>\n<meta property=\"og:locale\" content=\"fr_FR\" \/>\n<meta property=\"og:type\" content=\"article\" \/>\n<meta property=\"og:title\" content=\"Cookies policy Cookies Policy and GDPR Compliance | One Step Beyond SA\" \/>\n<meta property=\"og:description\" content=\"Learn about OSB\u2019s cookies policy and how we manage user consent and privacy in accordance with GDPR and Swiss data protection laws.\" \/>\n<meta property=\"og:url\" content=\"https:\/\/www.osb.group\/fr\/cookies-policy\/\" \/>\n<meta property=\"og:site_name\" content=\"One Step Beyond SA\" \/>\n<meta property=\"article:modified_time\" content=\"2025-05-15T13:24:10+00:00\" \/>\n<meta property=\"og:image\" content=\"https:\/\/www.osb.group\/wp-content\/uploads\/2023\/06\/Logo_OSB_Quadri_RVB.png\" \/>\n\t<meta property=\"og:image:width\" content=\"8000\" \/>\n\t<meta property=\"og:image:height\" content=\"4500\" \/>\n\t<meta property=\"og:image:type\" content=\"image\/png\" \/>\n<meta name=\"twitter:card\" content=\"summary_large_image\" \/>\n<meta name=\"twitter:title\" content=\"Cookies Policy &amp; GDPR Compliance | One Step Beyond SA\" \/>\n<meta name=\"twitter:description\" content=\"Understand how OSB uses cookies responsibly and complies with GDPR and Swiss privacy laws through our detailed cookies policy.\" \/>\n<meta name=\"twitter:label1\" content=\"Dur\u00e9e de lecture estim\u00e9e\" \/>\n\t<meta name=\"twitter:data1\" content=\"2 minutes\" \/>\n<script type=\"application\/ld+json\" class=\"yoast-schema-graph\">{\"@context\":\"https:\/\/schema.org\",\"@graph\":[{\"@type\":\"WebPage\",\"@id\":\"https:\/\/www.osb.group\/cookies-policy\/\",\"url\":\"https:\/\/www.osb.group\/cookies-policy\",\"name\":\"Cookies Policy and GDPR Compliance | One Step Beyond SA\",\"isPartOf\":{\"@id\":\"https:\/\/www.osb.group\/#website\"},\"primaryImageOfPage\":{\"@id\":\"https:\/\/www.osb.group\/cookies-policy#primaryimage\"},\"image\":{\"@id\":\"https:\/\/www.osb.group\/cookies-policy#primaryimage\"},\"thumbnailUrl\":\"https:\/\/www.osb.group\/wp-content\/uploads\/2023\/06\/Logo_OSB_Quadri_RVB.png\",\"datePublished\":\"2023-03-06T10:17:58+00:00\",\"dateModified\":\"2025-05-15T13:24:10+00:00\",\"description\":\"Understand OSB Group\u2019s cookies policy detailing the use of cookies on our website, user consent, and compliance with GDPR and Swiss data privacy regulations.\",\"breadcrumb\":{\"@id\":\"https:\/\/www.osb.group\/cookies-policy#breadcrumb\"},\"inLanguage\":\"fr-FR\",\"potentialAction\":[{\"@type\":\"ReadAction\",\"target\":[\"https:\/\/www.osb.group\/cookies-policy\"]}]},{\"@type\":\"ImageObject\",\"inLanguage\":\"fr-FR\",\"@id\":\"https:\/\/www.osb.group\/cookies-policy#primaryimage\",\"url\":\"https:\/\/www.osb.group\/wp-content\/uploads\/2023\/06\/Logo_OSB_Quadri_RVB.png\",\"contentUrl\":\"https:\/\/www.osb.group\/wp-content\/uploads\/2023\/06\/Logo_OSB_Quadri_RVB.png\",\"width\":8000,\"height\":4500},{\"@type\":\"BreadcrumbList\",\"@id\":\"https:\/\/www.osb.group\/cookies-policy#breadcrumb\",\"itemListElement\":[{\"@type\":\"ListItem\",\"position\":1,\"name\":\"Accueil\",\"item\":\"https:\/\/www.osb.group\/\"},{\"@type\":\"ListItem\",\"position\":2,\"name\":\"Home > Cookies Policy\"}]},{\"@type\":\"WebSite\",\"@id\":\"https:\/\/www.osb.group\/#website\",\"url\":\"https:\/\/www.osb.group\/\",\"name\":\"One Step Beyond SA\",\"description\":\"Inspired by the Cloud. Enabled ...\",\"potentialAction\":[{\"@type\":\"SearchAction\",\"target\":{\"@type\":\"EntryPoint\",\"urlTemplate\":\"https:\/\/www.osb.group\/?s={search_term_string}\"},\"query-input\":{\"@type\":\"PropertyValueSpecification\",\"valueRequired\":true,\"valueName\":\"search_term_string\"}}],\"inLanguage\":\"fr-FR\"}]}<\/script>\n<!-- \/ Yoast SEO Premium plugin. -->","yoast_head_json":{"title":"Cookies Policy and GDPR Compliance | One Step Beyond SA","description":"Understand OSB Group\u2019s cookies policy detailing the use of cookies on our website, user consent, and compliance with GDPR and Swiss data privacy regulations.","robots":{"index":"index","follow":"follow","max-snippet":"max-snippet:-1","max-image-preview":"max-image-preview:large","max-video-preview":"max-video-preview:-1"},"canonical":"https:\/\/www.osb.group\/fr\/cookies-policy\/","og_locale":"fr_FR","og_type":"article","og_title":"Cookies policy Cookies Policy and GDPR Compliance | One Step Beyond SA","og_description":"Learn about OSB\u2019s cookies policy and how we manage user consent and privacy in accordance with GDPR and Swiss data protection laws.","og_url":"https:\/\/www.osb.group\/fr\/cookies-policy\/","og_site_name":"One Step Beyond SA","article_modified_time":"2025-05-15T13:24:10+00:00","og_image":[{"width":8000,"height":4500,"url":"https:\/\/www.osb.group\/wp-content\/uploads\/2023\/06\/Logo_OSB_Quadri_RVB.png","type":"image\/png"}],"twitter_card":"summary_large_image","twitter_title":"Cookies Policy & GDPR Compliance | One Step Beyond SA","twitter_description":"Understand how OSB uses cookies responsibly and complies with GDPR and Swiss privacy laws through our detailed cookies policy.","twitter_misc":{"Dur\u00e9e de lecture estim\u00e9e":"2 minutes"},"schema":{"@context":"https:\/\/schema.org","@graph":[{"@type":"WebPage","@id":"https:\/\/www.osb.group\/cookies-policy\/","url":"https:\/\/www.osb.group\/cookies-policy","name":"Cookies Policy and GDPR Compliance | One Step Beyond SA","isPartOf":{"@id":"https:\/\/www.osb.group\/#website"},"primaryImageOfPage":{"@id":"https:\/\/www.osb.group\/cookies-policy#primaryimage"},"image":{"@id":"https:\/\/www.osb.group\/cookies-policy#primaryimage"},"thumbnailUrl":"https:\/\/www.osb.group\/wp-content\/uploads\/2023\/06\/Logo_OSB_Quadri_RVB.png","datePublished":"2023-03-06T10:17:58+00:00","dateModified":"2025-05-15T13:24:10+00:00","description":"Understand OSB Group\u2019s cookies policy detailing the use of cookies on our website, user consent, and compliance with GDPR and Swiss data privacy regulations.","breadcrumb":{"@id":"https:\/\/www.osb.group\/cookies-policy#breadcrumb"},"inLanguage":"fr-FR","potentialAction":[{"@type":"ReadAction","target":["https:\/\/www.osb.group\/cookies-policy"]}]},{"@type":"ImageObject","inLanguage":"fr-FR","@id":"https:\/\/www.osb.group\/cookies-policy#primaryimage","url":"https:\/\/www.osb.group\/wp-content\/uploads\/2023\/06\/Logo_OSB_Quadri_RVB.png","contentUrl":"https:\/\/www.osb.group\/wp-content\/uploads\/2023\/06\/Logo_OSB_Quadri_RVB.png","width":8000,"height":4500},{"@type":"BreadcrumbList","@id":"https:\/\/www.osb.group\/cookies-policy#breadcrumb","itemListElement":[{"@type":"ListItem","position":1,"name":"Accueil","item":"https:\/\/www.osb.group\/"},{"@type":"ListItem","position":2,"name":"Home > Cookies Policy"}]},{"@type":"WebSite","@id":"https:\/\/www.osb.group\/#website","url":"https:\/\/www.osb.group\/","name":"One Step Beyond SA","description":"Inspired by the Cloud. Enabled ...","potentialAction":[{"@type":"SearchAction","target":{"@type":"EntryPoint","urlTemplate":"https:\/\/www.osb.group\/?s={search_term_string}"},"query-input":{"@type":"PropertyValueSpecification","valueRequired":true,"valueName":"search_term_string"}}],"inLanguage":"fr-FR"}]}},"_links":{"self":[{"href":"https:\/\/www.osb.group\/fr\/wp-json\/wp\/v2\/pages\/27","targetHints":{"allow":["GET"]}}],"collection":[{"href":"https:\/\/www.osb.group\/fr\/wp-json\/wp\/v2\/pages"}],"about":[{"href":"https:\/\/www.osb.group\/fr\/wp-json\/wp\/v2\/types\/page"}],"author":[{"embeddable":true,"href":"https:\/\/www.osb.group\/fr\/wp-json\/wp\/v2\/users\/2"}],"replies":[{"embeddable":true,"href":"https:\/\/www.osb.group\/fr\/wp-json\/wp\/v2\/comments?post=27"}],"version-history":[{"count":12,"href":"https:\/\/www.osb.group\/fr\/wp-json\/wp\/v2\/pages\/27\/revisions"}],"predecessor-version":[{"id":1390,"href":"https:\/\/www.osb.group\/fr\/wp-json\/wp\/v2\/pages\/27\/revisions\/1390"}],"wp:featuredmedia":[{"embeddable":true,"href":"https:\/\/www.osb.group\/fr\/wp-json\/wp\/v2\/media\/498"}],"wp:attachment":[{"href":"https:\/\/www.osb.group\/fr\/wp-json\/wp\/v2\/media?parent=27"}],"curies":[{"name":"wp","href":"https:\/\/api.w.org\/{rel}","templated":true}]}}